

{"id":89,"date":"2015-05-29T09:05:14","date_gmt":"2015-05-29T09:05:14","guid":{"rendered":"http:\/\/cne.bluelab.cl\/?page_id=89"},"modified":"2026-04-16T09:57:28","modified_gmt":"2026-04-16T13:57:28","slug":"electricidad","status":"publish","type":"page","link":"https:\/\/www.cne.cl\/en\/normativas\/electrica\/consulta-publica\/electricidad\/","title":{"rendered":"Electricity"},"content":{"rendered":"<p>A continuaci\u00f3n se presentan estad\u00edsticas del sector el\u00e9ctrico en Chile, agrupadas en los siguientes temas:<\/p>\n<p><\/p>","protected":false},"excerpt":{"rendered":"<p>A continuaci\u00f3n se presentan estad\u00edsticas del sector el\u00e9ctrico en Chile, agrupadas en los siguientes temas:<\/p>\n","protected":false},"author":1,"featured_media":91,"parent":11377,"menu_order":0,"comment_status":"closed","ping_status":"closed","template":"page-estadisticas.php","meta":[],"_links":{"self":[{"href":"https:\/\/www.cne.cl\/en\/wp-json\/wp\/v2\/pages\/89"}],"collection":[{"href":"https:\/\/www.cne.cl\/en\/wp-json\/wp\/v2\/pages"}],"about":[{"href":"https:\/\/www.cne.cl\/en\/wp-json\/wp\/v2\/types\/page"}],"author":[{"embeddable":true,"href":"https:\/\/www.cne.cl\/en\/wp-json\/wp\/v2\/users\/1"}],"replies":[{"embeddable":true,"href":"https:\/\/www.cne.cl\/en\/wp-json\/wp\/v2\/comments?post=89"}],"version-history":[{"count":670,"href":"https:\/\/www.cne.cl\/en\/wp-json\/wp\/v2\/pages\/89\/revisions"}],"predecessor-version":[{"id":59724,"href":"https:\/\/www.cne.cl\/en\/wp-json\/wp\/v2\/pages\/89\/revisions\/59724"}],"up":[{"embeddable":true,"href":"https:\/\/www.cne.cl\/en\/wp-json\/wp\/v2\/pages\/11377"}],"wp:featuredmedia":[{"embeddable":true,"href":"https:\/\/www.cne.cl\/en\/wp-json\/wp\/v2\/media\/91"}],"wp:attachment":[{"href":"https:\/\/www.cne.cl\/en\/wp-json\/wp\/v2\/media?parent=89"}],"curies":[{"name":"wp","href":"https:\/\/api.w.org\/{rel}","templated":true}]}}