

{"id":8847,"date":"2016-10-04T09:08:53","date_gmt":"2016-10-04T12:08:53","guid":{"rendered":"http:\/\/www.cne.cl\/?page_id=8847"},"modified":"2016-10-25T15:47:10","modified_gmt":"2016-10-25T18:47:10","slug":"ministro-de-energia-recibe-al-consejo-directivo-del-coordinador-independiente-del-sistema-electrico-nacional","status":"publish","type":"page","link":"https:\/\/www.cne.cl\/en\/prensa\/prensa-2016\/septiembre-2016\/ministro-de-energia-recibe-al-consejo-directivo-del-coordinador-independiente-del-sistema-electrico-nacional\/","title":{"rendered":"Ministro de Energ\u00eda recibe al Consejo Directivo del Coordinador Independiente del Sistema El\u00e9ctrico Nacional."},"content":{"rendered":"<p><\/p>\n<p class=\"p1\" style=\"text-align: justify;\"><span class=\"s1\">El Ministro de Energ\u00eda, M\u00e1ximo Pacheco, se reuni\u00f3 hoy con los cinco miembros que integrar\u00e1n el Consejo Directivo del Coordinador Independiente del Sistema El\u00e9ctrico Nacional, institucionalidad contemplada en la Ley N\u00b020.936, que establece un nuevo Sistema de Transmisi\u00f3n El\u00e9ctrica.<\/span><\/p>\n<p class=\"p2\" style=\"text-align: justify;\"><span class=\"s1\">\u00a0<\/span><span class=\"s1\">A la cita acudieron el presidente del Consejo Directivo del Coordinador, el ingeniero civil Germ\u00e1n Henr\u00edquez y los cuatro consejeros: la abogada Pilar Bravo y los ingenieros civiles Andr\u00e9s Alonso, Claudio Espinoza y Jaime Peralta.<\/span><span class=\"s1\">\u00a0<\/span><\/p>\n<p class=\"p1\" style=\"text-align: justify;\"><span class=\"s1\">Tambi\u00e9n asisti\u00f3 el Comit\u00e9 Especial de Nominaciones, integrado por el Secretario Ejecutivo de la Comisi\u00f3n Nacional de Energ\u00eda (CNE), Andr\u00e9s Romero; el Presidente del Tribunal de Defensa de la Libre Competencia, Enrique Vergara; el Presidente del Consejo de Alta Direcci\u00f3n P\u00fablica, Rodrigo Ega\u00f1a y el integrante del Panel de Expertos, Juan Claver\u00eda. A esta entidad le correspondi\u00f3 realizar el concurso p\u00fablico para elegir al Consejo Directivo del Coordinador Independiente.<\/span><\/p>\n<p class=\"p2\" style=\"text-align: justify;\"><span class=\"s1\">\u00a0<\/span><span class=\"s1\">Tras el encuentro, el Ministro de Energ\u00eda, M\u00e1ximo Pacheco, manifest\u00f3 que &#8220;es una muy buena noticia la conformaci\u00f3n del nuevo Consejo Directivo, ya que son quienes tendr\u00e1n la responsabilidad de liderar el proceso de integraci\u00f3n de los CDEC, Central y del Norte Grande, adem\u00e1s de encontrar a la persona id\u00f3nea para asumir el cargo de Director Ejecutivo del Coordinador Independiente\u201d.<\/span><span class=\"s1\">\u00a0<\/span><\/p>\n<p class=\"p1\" style=\"text-align: justify;\"><span class=\"s1\">Por su parte, el Secretario Ejecutivo de la CNE y presidente del Comit\u00e9 Especial de Nominaciones, Andr\u00e9s Romero, destac\u00f3 la impecabilidad del proceso de selecci\u00f3n: \u201cLo que estamos viendo hoy con estos cinco nuevos integrantes es una alta calidad t\u00e9cnica, personas que van a garantizar la independencia de nuestro nuevo Coordinador. Son profesionales de lujo, que combinan conocimiento y experiencia muy variada, por lo tanto, como Comit\u00e9 Especial de Nominaciones tenemos la total satisfacci\u00f3n de haber cumplido con el mandato de garantizar una elecci\u00f3n totalmente t\u00e9cnica y la total independencia de los nuevos directores\u201d.<\/span><\/p>\n<p class=\"p2\" style=\"text-align: justify;\"><span class=\"s1\">\u00a0<\/span><span class=\"s1\">En tanto, el presidente del Consejo Directivo del Coordinador Independiente del Sistema El\u00e9ctrico, Germ\u00e1n Henr\u00edquez, se\u00f1al\u00f3 que \u201ces un gran orgullo estar en este cargo, pero al mismo tiempo, una tremenda responsabilidad y vamos a hacer un gran esfuerzo durante todo el per\u00edodo que nos toca a cada uno para llevar adelante todo lo que se espera de este nuevo Coordinador Independiente del Sistema El\u00e9ctrico Nacional\u201d.<\/span><\/p>\n<p class=\"p2\" style=\"text-align: justify;\"><span class=\"s1\">\u00a0<\/span><span class=\"s1\">Respecto a la selecci\u00f3n del Director Ejecutivo del Coordinador, Henr\u00edquez agreg\u00f3 que \u201ctenemos que reunirnos (el Consejo Directivo) y ver c\u00f3mo va a ser el proceso, que tiene que ser realizado dentro de los 60 d\u00edas a partir de nuestra nominaci\u00f3n que es el 11 de octubre\u201d.<\/span><\/p>\n<p class=\"p1\" style=\"text-align: justify;\"><span class=\"s1\">Tras realizar un proceso de concurso p\u00fablico, que se inici\u00f3 el 7 de agosto y la evaluaci\u00f3n de los antecedentes profesionales y los perfiles de los 30 postulantes, el Comit\u00e9 Especial de Nominaciones por acuerdo un\u00e1nime seleccion\u00f3 este viernes 30 de septiembre como miembros del Consejo Directivo del Coordinador a:<\/span><\/p>\n<ul>\n<li class=\"p1\"><span class=\"s1\"><b>Germ\u00e1n Henr\u00edquez V\u00e9liz<\/b>, como su Presidente, por el periodo de cinco a\u00f1os.<\/span><\/li>\n<li class=\"p1\"><span class=\"s1\"><b>Andr\u00e9s Alonso Rivas<\/b>, como consejero, por el periodo de tres a\u00f1os;<\/span><\/li>\n<li class=\"p1\"><span class=\"s1\"><b>Pilar Bravo Rivera<\/b>, como consejera, por el periodo de tres a\u00f1os;<\/span><\/li>\n<li class=\"p1\"><span class=\"s1\"><b>Claudio Espinoza Moraga<\/b>, como consejero, por el periodo de cinco a\u00f1os, y<\/span><\/li>\n<li class=\"p1\"><span class=\"s1\"><b>Jaime Peralta Rodr\u00edguez<\/b>, como consejero, por el periodo de cinco a\u00f1os.<\/span><\/li>\n<\/ul>\n<p><strong>Administraci\u00f3n y Direcci\u00f3n del Coordinador:<\/strong><\/p>\n<p>El Coordinador Independiente del Sistema El\u00e9ctrico Nacional \u2013 que a partir del 1 de enero de 2017 asumir\u00e1 las funciones de los actuales CDECs- ser\u00e1 dirigido y administrado por un Consejo Directivo, compuesto por cinco consejeros, uno de los cuales ejercer\u00e1 como su presidente.<\/p>\n<p>Entre las funciones del Consejo Directivo est\u00e1 designar al Director Ejecutivo del Coordinador y determinar la estructura interna y personal necesario para el buen funcionamiento del \u00e9ste.<strong>\u00a0<\/strong><\/p>\n<p><strong>Hitos del proceso:<\/strong><\/p>\n<p>El 29 de julio se constituy\u00f3 el Comit\u00e9 Especial de Nominaciones que le correspondi\u00f3 elegir al Consejo Directivo del Coordinador Independiente del Sistema El\u00e9ctrico Nacional, cumpliendo as\u00ed con lo se\u00f1alado en la Ley N\u00b020.936 que establece un nuevo Sistema de Transmisi\u00f3n El\u00e9ctrica.<\/p>\n<p>El Comit\u00e9 Especial de Nominaciones inici\u00f3 el 7 de agosto el llamado a concurso p\u00fablico para los cargos de presidente y los cuatro integrantes del Consejo Directivo del Coordinador, que se extendi\u00f3 hasta el 22 de agosto, y al que se presentaron un total de 30 postulantes.<\/p>\n<p>El viernes 30 de septiembre, el Comit\u00e9 Especial de Nominaciones design\u00f3 al Consejo Directivo del Coordinador Independiente del Sistema El\u00e9ctrico Nacional.<\/p>\n<p><strong>\u00a0<\/strong><strong>Rese\u00f1as del Consejo Directivo del Coordinador Independiente del Sistema El\u00e9ctrico Nacional:<\/strong><\/p>\n<p><strong>Germ\u00e1n Henr\u00edquez V\u00e9liz<\/strong><\/p>\n<p>Ingeniero Civil de la Universidad de Chile, con vasta experiencia en empresas del sector el\u00e9ctrico de generaci\u00f3n, distribuci\u00f3n y operaci\u00f3n del sistema. Desde el 2007 al 2016 fue integrante del Panel de Expertos de la Ley General de Servicios El\u00e9ctricos. Entre 2002 a 2005 fue Director Ejecutivo, Director de Operaci\u00f3n y Director de Peajes del CDEC SIC. Entre los a\u00f1os 1986 y 1991 fue Director del CDEC SIC. Entre los a\u00f1os 1988 a 1992 fue Director del Comit\u00e9 Chileno de la Comisi\u00f3n de Integraci\u00f3n El\u00e9ctrica regional (CIER). Tambi\u00e9n ha desempe\u00f1ado cargos en organismos del sector el\u00e9ctrico de Argentina.<\/p>\n<p><strong>Pilar Bravo Rivera<\/strong><\/p>\n<p>Abogada de la Universidad de Concepci\u00f3n. Desde mayo de 2014 a la fecha es Directora Titular del CDEC SING. Cuenta con 29 a\u00f1os de experiencia profesional, 19 de los cuales desempe\u00f1ados exclusivamente en el sector energ\u00eda. Fue jefa del \u00e1rea Jur\u00eddica de la Comisi\u00f3n Nacional de Energ\u00eda entre los a\u00f1os 1997 a 2004. Se ha desempe\u00f1ado en el sector privado, destac\u00e1ndose el trabajo como abogada Senior y jefa del \u00c1rea regulaci\u00f3n y energ\u00eda del Estudio Urrutia y C\u00eda. Abogados Ltda. Cuenta con una serie de publicaciones de art\u00edculos especializados en materia el\u00e9ctrica.<\/p>\n<p><strong>Claudio Espinoza Moraga<\/strong><\/p>\n<p>Ingeniero Civil Electricista de la Universidad T\u00e9cnica Federico Santa Mar\u00eda.\u00a0 Desde 2015 a la fecha, ocupa el cargo de Gerente de Regulaci\u00f3n para Chile en Enersis Chile S.A. Mag\u00edster en Gesti\u00f3n y Direcci\u00f3n de Empresas de la Universidad de Chile. Ejecutivo con m\u00e1s de 21 a\u00f1os de experiencia en el sector el\u00e9ctrico nacional y latinoamericano. Se desempe\u00f1\u00f3 entre los a\u00f1os 1995 y 2007 en la Comisi\u00f3n Nacional de Energ\u00eda, alcanzando el cargo de Jefe del \u00c1rea El\u00e9ctrica y Secretario Ejecutivo subrogante de este organismo. Entre los a\u00f1os 2007 a 2009 fue Socio Director de KAS Ingenier\u00eda; entre 2009 a 2013, fue Gerente de Desarrollo y Regulaci\u00f3n de GTD Ingenieros Consultores Ltda. Y, posteriormente, entre los a\u00f1os 2013 y 2015 ocup\u00f3 el cargo de Gerente de Regulaci\u00f3n Chile y Pa\u00edses Andinos de Enel Green Power S.A. (EGP).<\/p>\n<p><strong>Jaime Peralta Rodr\u00edguez<\/strong><\/p>\n<p>Ingeniero Civil Electricista de la Universidad de Chile. Desde el a\u00f1o 2014 es Director subrogante del CDEC SIC. Es profesor asociado de la Escuela de Ingenier\u00eda El\u00e9ctrica de la Universidad Cat\u00f3lica de Valpara\u00edso. Es tambi\u00e9n consultor internacional y ha asesorado al Centro Nacional de Control de Energ\u00eda (CENACE) de M\u00e9xico y a la Comisi\u00f3n Federal de Electricidad de M\u00e9xico (CFE). Es Mag\u00edster en Gesti\u00f3n y Direcci\u00f3n de Empresas en la Universidad de Chile, MBA, Master in Business Administration en ESADE Business School, es M\u00e1ster en Ciencias Aplicadas en Ingenier\u00eda El\u00e9ctrica y Doctor (Ph.D.) en Ingenier\u00eda El\u00e9ctrica en la Universidad de Montreal, Canad\u00e1. Cuenta con vasta experiencia profesional de 22 a\u00f1os en el sector el\u00e9ctrico nacional e internacional. Es autor de publicaciones en revistas especializadas (IEEE y CIGRE).<\/p>\n<p><strong>Andr\u00e9s Alonso Rivas<\/strong><\/p>\n<p>Ingeniero Civil Industrial, menci\u00f3n electricidad, de la Universidad T\u00e9cnica Federico Santa Mar\u00eda de Valpara\u00edso. Profesional independiente. Fue gerente de L\u00ednea Gas y Energ\u00eda de ENAP y presidente del Directorio de GNL Chile S.A. (2015-2016). Entre 2010 a 2014 fue Gerente de Energ\u00eda y Recursos H\u00eddricos de CODELCO, vicepresidente del terminal GNL Mejillones S.A., y presidente del Comit\u00e9 de Energ\u00eda y Cambio Clim\u00e1tico del Consejo Minero y SONAMI. Fue jefe de la Divisi\u00f3n Econ\u00f3mica de la Fiscal\u00eda Nacional Econ\u00f3mica (1999 a 2004). Entre los a\u00f1os 1994 y 1998 fue jefe del \u00c1rea El\u00e9ctrica de la CNE, donde le correspondi\u00f3 conducir la elaboraci\u00f3n del reglamento que cre\u00f3 los CDEC y consultor del Banco Mundial para los gobiernos de Per\u00fa y Brasil en materias energ\u00e9ticas (2002-2003). Profesor de diversas universidades chilenas. Es Master of Science in Economics del London School of Economics y Master of Arts en Astrof\u00edsica de la Universidad de Columbia, Estados Unidos.<\/p>","protected":false},"excerpt":{"rendered":"<p>El Ministro de Energ\u00eda, M\u00e1ximo Pacheco, se reuni\u00f3 hoy con los cinco miembros que integrar\u00e1n el Consejo Directivo del Coordinador Independiente del Sistema El\u00e9ctrico Nacional, institucionalidad contemplada en la Ley N\u00b020.936, que establece un nuevo Sistema de Transmisi\u00f3n El\u00e9ctrica. \u00a0A la cita acudieron el presidente del Consejo Directivo del Coordinador, el ingeniero civil Germ\u00e1n Henr\u00edquez [&hellip;]<\/p>\n","protected":false},"author":2,"featured_media":8848,"parent":8550,"menu_order":3,"comment_status":"closed","ping_status":"closed","template":"entrada-prensa.php","meta":[],"_links":{"self":[{"href":"https:\/\/www.cne.cl\/en\/wp-json\/wp\/v2\/pages\/8847"}],"collection":[{"href":"https:\/\/www.cne.cl\/en\/wp-json\/wp\/v2\/pages"}],"about":[{"href":"https:\/\/www.cne.cl\/en\/wp-json\/wp\/v2\/types\/page"}],"author":[{"embeddable":true,"href":"https:\/\/www.cne.cl\/en\/wp-json\/wp\/v2\/users\/2"}],"replies":[{"embeddable":true,"href":"https:\/\/www.cne.cl\/en\/wp-json\/wp\/v2\/comments?post=8847"}],"version-history":[{"count":6,"href":"https:\/\/www.cne.cl\/en\/wp-json\/wp\/v2\/pages\/8847\/revisions"}],"predecessor-version":[{"id":9286,"href":"https:\/\/www.cne.cl\/en\/wp-json\/wp\/v2\/pages\/8847\/revisions\/9286"}],"up":[{"embeddable":true,"href":"https:\/\/www.cne.cl\/en\/wp-json\/wp\/v2\/pages\/8550"}],"wp:featuredmedia":[{"embeddable":true,"href":"https:\/\/www.cne.cl\/en\/wp-json\/wp\/v2\/media\/8848"}],"wp:attachment":[{"href":"https:\/\/www.cne.cl\/en\/wp-json\/wp\/v2\/media?parent=8847"}],"curies":[{"name":"wp","href":"https:\/\/api.w.org\/{rel}","templated":true}]}}