

{"id":8807,"date":"2016-09-30T10:17:24","date_gmt":"2016-09-30T13:17:24","guid":{"rendered":"http:\/\/www.cne.cl\/?page_id=8807"},"modified":"2016-10-11T15:41:53","modified_gmt":"2016-10-11T18:41:53","slug":"gobierno-y-empresas-electricas-inician-proceso-participativo-para-definir-el-futuro-del-segmento-de-distribucion-de-energia-en-chile","status":"publish","type":"page","link":"https:\/\/www.cne.cl\/en\/prensa\/prensa-2016\/septiembre-2016\/gobierno-y-empresas-electricas-inician-proceso-participativo-para-definir-el-futuro-del-segmento-de-distribucion-de-energia-en-chile\/","title":{"rendered":"GOBIERNO Y EMPRESAS EL\u00c9CTRICAS INICIAN PROCESO PARTICIPATIVO PARA DEFINIR EL FUTURO DEL SEGMENTO DE DISTRIBUCI\u00d3N DE ENERG\u00cdA EN CHILE"},"content":{"rendered":"<p><\/p>\n<p style=\"text-align: justify;\">Con el objetivo de iniciar la discusi\u00f3n p\u00fablica que permitir\u00e1 construir una nueva regulaci\u00f3n del segmento de la distribuci\u00f3n el\u00e9ctrica, el Ministro de Energ\u00eda, M\u00e1ximo Pacheco; el Secretario Ejecutivo de la Comisi\u00f3n Nacional de Energ\u00eda, Andr\u00e9s Romero y el Director Ejecutivo de la Asociaci\u00f3n Gremial de Empresas El\u00e9ctricas, Rodrigo Castillo, inauguraron esta ma\u00f1ana el seminario internacional \u201cEl Futuro de la Distribuci\u00f3n de Energ\u00eda El\u00e9ctrica\u201d.<\/p>\n<p style=\"text-align: justify;\">La actividad cont\u00f3 con la exposici\u00f3n del CEO del Grupo ENEL, Francesco Starace; el Director General de Negocios Regulados de Gas Natural Fenosa, Antoni Peris; el presidente del Consejo Nacional de Desarrollo Urbano de Chile, Luis Eduardo Bresciani y del profesor em\u00e9rito de la Escuela de Ingenier\u00eda de la Pontificia Universidad Cat\u00f3lica de Chile, Hugh Rudnick.<\/p>\n<p style=\"text-align: justify;\">El Ministro de Energ\u00eda, M\u00e1ximo Pacheco, se\u00f1al\u00f3 que \u201cesto es una invitaci\u00f3n a trabajar juntos en la modernizaci\u00f3n de un servicio p\u00fablico que ya es m\u00e1s \u2013 y cada vez lo ser\u00e1 m\u00e1s- que la simple provisi\u00f3n de suministro el\u00e9ctrico a los hogares y pymes. Necesitamos que la distribuci\u00f3n el\u00e9ctrica adapte su normativa a los avances tecnol\u00f3gicos\u201d.<\/p>\n<p style=\"text-align: justify;\">Por su parte, el Secretario Ejecutivo de la Comisi\u00f3n Nacional de Energ\u00eda, Andr\u00e9s Romero, manifest\u00f3 que \u201cen este seminario, hemos tenido a m\u00e1s de 400 personas \u2013 representantes del gobierno, la industria, los consumidores, organizaciones sociales y acad\u00e9micos &#8211; dispuestas a escuchar y conversar sobre c\u00f3mo podemos dise\u00f1ar la regulaci\u00f3n de la distribuci\u00f3n de energ\u00eda el\u00e9ctrica, para un futuro que se nos presenta desafiante, cuando miramos lo que est\u00e1 sucediendo en el mundo: cada vez m\u00e1s desarrollo tecnol\u00f3gico en \u00e1mbitos como medici\u00f3n inteligente, generaci\u00f3n distribuida y transporte el\u00e9ctrico. La nueva regulaci\u00f3n deber\u00e1 tener como centro las necesidades de los clientes que, por ejemplo, empezar\u00e1n a convertirse en productores de energ\u00eda, lo que representa un cambio gigante para la industria. Estamos convencidos de que \u00e9sta es la manera correcta de impulsar pol\u00edticas p\u00fablicas: conversando y discutiendo, para construir, primero, un diagn\u00f3stico com\u00fan y, luego, encontrar soluciones compartidas\u201d.<\/p>\n<p style=\"text-align: justify;\">En tanto, el Director Ejecutivo de la Asociaci\u00f3n Gremial de Empresas El\u00e9ctricas, Rodrigo Castillo, indic\u00f3 que \u201cse han planteado en general los grandes desaf\u00edos que tiene la distribuci\u00f3n el\u00e9ctrica para el futuro, y probablemente el gran m\u00e9rito del sector energ\u00eda es la manera que ha tenido de desarrollar pol\u00edticas p\u00fablicas, ha sido primero consensuar un diagn\u00f3stico, hacer las preguntas correctas antes de comenzar con respuestas anticipadas, y el darnos cuenta que no existen soluciones perfectas, que toda soluci\u00f3n tiene\u00a0trade-off, que toda soluci\u00f3n implica el que tenemos que hacer sacrificios en una u otra direcci\u00f3n, pero lo m\u00e1s destacable es que hoy tenemos un amplio consenso en la necesidad de modificar la regulaci\u00f3n de la distribuci\u00f3n el\u00e9ctrica. Ya ese punto es b\u00e1sico, para poder comenzar con un trabajo constructivo y que al mismo tiempo de parte tanto del gobierno como del sector acad\u00e9mico e industrial hemos partido esta conversaci\u00f3n sin ninguna pre concepci\u00f3n, sin ning\u00fan elemento vetado, sin ning\u00fan tema respecto del cual no nos sintamos c\u00f3modos de discutir\u201d.<\/p>\n<p style=\"text-align: justify;\">Tras el seminario, el p\u00fablico asistente \u2013conformado por representantes del Gobierno, acad\u00e9micos, industria, organizaciones de la sociedad civil- conform\u00f3 grupos de trabajo, donde se abordaron tres temas: cu\u00e1les son los objetivos que deber\u00eda tener la nueva regulaci\u00f3n; problemas de hoy del modelo regulatorio, prioridades a atacar y Cu\u00e1les son los elementos de futuro de la distribuci\u00f3n el\u00e9ctrica que se deber\u00edan abordar (desaf\u00edos de mediano y largo plazo).<\/p>\n<p style=\"text-align: justify;\">Se espera que este seminario sea el inicio de un trabajo de m\u00e1s largo aliento que continuar\u00e1 los pr\u00f3ximos meses, a trav\u00e9s de la conformaci\u00f3n de grupos que discutir\u00e1n temas espec\u00edficos y que permita establecer un diagn\u00f3stico com\u00fan sobre la legislaci\u00f3n que regula la distribuci\u00f3n, que data de los a\u00f1os \u201880.<\/p>\n<p style=\"text-align: justify;\">Industria<\/p>\n<p style=\"text-align: justify;\">El mercado el\u00e9ctrico en Chile est\u00e1 compuesto por las actividades de generaci\u00f3n, transmisi\u00f3n y distribuci\u00f3n de energ\u00eda el\u00e9ctrica. Estas actividades son desarrolladas por empresas que son controladas en su totalidad por capitales privados, mientras que el Estado s\u00f3lo ejerce funciones de regulaci\u00f3n, fiscalizaci\u00f3n y de planificaci\u00f3n de inversiones en transmisi\u00f3n.<\/p>\n<p style=\"text-align: justify;\">Participan de la industria el\u00e9ctrica nacional un total de 40 empresas distribuidoras, que en conjunto venden, a nivel nacional, 33.324,3 GWH de energ\u00eda. Esta demanda se localiza territorialmente en cuatro sistemas el\u00e9ctricos (SING, SIC, Ays\u00e9n y Magallanes).<\/p>\n<p style=\"text-align: justify;\">La Actual Regulaci\u00f3n de la Distribuci\u00f3n<\/p>\n<p style=\"text-align: justify;\">Actualmente se entiende que los sistemas de distribuci\u00f3n est\u00e1n constituidos por el conjunto de l\u00edneas y subestaciones necesarias para transportar la energ\u00eda desde las subestaciones primarias hasta los puntos de consumo.<\/p>\n<p style=\"text-align: justify;\">El distribuidor realiza tanto las actividades de red como de comercializaci\u00f3n, transfiriendo la electricidad al consumidor final en un flujo unidireccional o aguas abajo donde los consumidores se agrupan numerosamente en zonas geogr\u00e1ficas y con baja elasticidad.<\/p>\n<p style=\"text-align: justify;\">El mercado chileno hoy est\u00e1 caracterizado por una integraci\u00f3n clara entre transmisi\u00f3n zonal y distribuci\u00f3n y una importante integraci\u00f3n horizontal a nivel nacional.<\/p>\n<p style=\"text-align: justify;\">El modelo regulatorio opera en base a una concesi\u00f3n geogr\u00e1fica monop\u00f3lica con caracter\u00edsticas de servicio p\u00fablico y obligaci\u00f3n de servicio bajo el cumplimiento de est\u00e1ndares de calidad regulados.<\/p>\n<p style=\"text-align: justify;\">El principio que sustenta el modelo tarifario se basa en que empresas de distinto tama\u00f1o pueden tener densidades similares y, por tanto, costos medios parecidos. Luego, para efectos de determinar las tarifas, las empresas distribuidoras pueden ser agrupadas en \u00c1reas T\u00edpicas con costos de distribuci\u00f3n similares. El esquema de regulaci\u00f3n de precios se basa en el concepto de empresa modelo, que posee una eficiente pol\u00edtica en sus inversiones y gesti\u00f3n, que le permite proveer el servicio de suministro de electricidad en una zona con cierto nivel de densidad al m\u00ednimo costo posible.<\/p>\n<p>El valor agregado de distribuci\u00f3n (VAD) se fija cada 4 a\u00f1os, oportunidad donde se agrupan las distribuidoras en \u00c1reas T\u00edpicas de Distribuci\u00f3n (ATD), con costos similares, y luego se selecciona una empresa de cada ATD como Empresa de Referencia para determinar sus costos de distribuci\u00f3n.<\/p>","protected":false},"excerpt":{"rendered":"<p>Con el objetivo de iniciar la discusi\u00f3n p\u00fablica que permitir\u00e1 construir una nueva regulaci\u00f3n del segmento de la distribuci\u00f3n el\u00e9ctrica, el Ministro de Energ\u00eda, M\u00e1ximo Pacheco; el Secretario Ejecutivo de la Comisi\u00f3n Nacional de Energ\u00eda, Andr\u00e9s Romero y el Director Ejecutivo de la Asociaci\u00f3n Gremial de Empresas El\u00e9ctricas, Rodrigo Castillo, inauguraron esta ma\u00f1ana el seminario [&hellip;]<\/p>\n","protected":false},"author":2,"featured_media":8818,"parent":8550,"menu_order":1,"comment_status":"closed","ping_status":"closed","template":"entrada-prensa.php","meta":[],"_links":{"self":[{"href":"https:\/\/www.cne.cl\/en\/wp-json\/wp\/v2\/pages\/8807"}],"collection":[{"href":"https:\/\/www.cne.cl\/en\/wp-json\/wp\/v2\/pages"}],"about":[{"href":"https:\/\/www.cne.cl\/en\/wp-json\/wp\/v2\/types\/page"}],"author":[{"embeddable":true,"href":"https:\/\/www.cne.cl\/en\/wp-json\/wp\/v2\/users\/2"}],"replies":[{"embeddable":true,"href":"https:\/\/www.cne.cl\/en\/wp-json\/wp\/v2\/comments?post=8807"}],"version-history":[{"count":4,"href":"https:\/\/www.cne.cl\/en\/wp-json\/wp\/v2\/pages\/8807\/revisions"}],"predecessor-version":[{"id":9020,"href":"https:\/\/www.cne.cl\/en\/wp-json\/wp\/v2\/pages\/8807\/revisions\/9020"}],"up":[{"embeddable":true,"href":"https:\/\/www.cne.cl\/en\/wp-json\/wp\/v2\/pages\/8550"}],"wp:featuredmedia":[{"embeddable":true,"href":"https:\/\/www.cne.cl\/en\/wp-json\/wp\/v2\/media\/8818"}],"wp:attachment":[{"href":"https:\/\/www.cne.cl\/en\/wp-json\/wp\/v2\/media?parent=8807"}],"curies":[{"name":"wp","href":"https:\/\/api.w.org\/{rel}","templated":true}]}}