

{"id":8548,"date":"2016-09-20T11:55:22","date_gmt":"2016-09-20T14:55:22","guid":{"rendered":"http:\/\/www.cne.cl\/?page_id=8548"},"modified":"2016-12-15T10:17:21","modified_gmt":"2016-12-15T13:17:21","slug":"cne-y-empresas-electricas-a-g-realizan-roadshow-en-europa-para-proximas-licitaciones-electricas","status":"publish","type":"page","link":"https:\/\/www.cne.cl\/en\/prensa\/prensa-2016\/septiembre-2016\/cne-y-empresas-electricas-a-g-realizan-roadshow-en-europa-para-proximas-licitaciones-electricas\/","title":{"rendered":"CNE Y EMPRESAS EL\u00c9CTRICAS A.G. REALIZAN  ROADSHOW EN EUROPA PARA PR\u00d3XIMAS LICITACIONES EL\u00c9CTRICAS"},"content":{"rendered":"<p class=\"qtranxs-available-languages-message qtranxs-available-languages-message-en\">Sorry, this entry is only available in <a href=\"https:\/\/www.cne.cl\/es\/wp-json\/wp\/v2\/pages\/8548\" class=\"qtranxs-available-language-link qtranxs-available-language-link-es\" title=\"Espa\u00f1ol\">European Spanish<\/a>.<\/p>","protected":false},"excerpt":{"rendered":"<p>Sorry, this entry is only available in European Spanish.<\/p>\n","protected":false},"author":3,"featured_media":8552,"parent":8550,"menu_order":0,"comment_status":"closed","ping_status":"closed","template":"entrada-prensa.php","meta":[],"_links":{"self":[{"href":"https:\/\/www.cne.cl\/en\/wp-json\/wp\/v2\/pages\/8548"}],"collection":[{"href":"https:\/\/www.cne.cl\/en\/wp-json\/wp\/v2\/pages"}],"about":[{"href":"https:\/\/www.cne.cl\/en\/wp-json\/wp\/v2\/types\/page"}],"author":[{"embeddable":true,"href":"https:\/\/www.cne.cl\/en\/wp-json\/wp\/v2\/users\/3"}],"replies":[{"embeddable":true,"href":"https:\/\/www.cne.cl\/en\/wp-json\/wp\/v2\/comments?post=8548"}],"version-history":[{"count":5,"href":"https:\/\/www.cne.cl\/en\/wp-json\/wp\/v2\/pages\/8548\/revisions"}],"predecessor-version":[{"id":10587,"href":"https:\/\/www.cne.cl\/en\/wp-json\/wp\/v2\/pages\/8548\/revisions\/10587"}],"up":[{"embeddable":true,"href":"https:\/\/www.cne.cl\/en\/wp-json\/wp\/v2\/pages\/8550"}],"wp:featuredmedia":[{"embeddable":true,"href":"https:\/\/www.cne.cl\/en\/wp-json\/wp\/v2\/media\/8552"}],"wp:attachment":[{"href":"https:\/\/www.cne.cl\/en\/wp-json\/wp\/v2\/media?parent=8548"}],"curies":[{"name":"wp","href":"https:\/\/api.w.org\/{rel}","templated":true}]}}