

{"id":8244,"date":"2016-08-17T17:09:41","date_gmt":"2016-08-17T20:09:41","guid":{"rendered":"http:\/\/www.cne.cl\/?page_id=8244"},"modified":"2016-10-21T12:04:36","modified_gmt":"2016-10-21T15:04:36","slug":"exitosa-licitacion-de-suministro-para-clientes-regulados-permitira-bajar-la-cuenta-de-luz-a-hogares-y-pymes-a-partir-del-ano-2021","status":"publish","type":"page","link":"https:\/\/www.cne.cl\/en\/prensa\/prensa-2016\/agosto\/exitosa-licitacion-de-suministro-para-clientes-regulados-permitira-bajar-la-cuenta-de-luz-a-hogares-y-pymes-a-partir-del-ano-2021\/","title":{"rendered":"EXITOSA LICITACI\u00d3N DE SUMINISTRO PARA CLIENTES REGULADOS PERMITIR\u00c1  BAJAR LA CUENTA DE LUZ A HOGARES Y PYMES A PARTIR DEL A\u00d1O 2021"},"content":{"rendered":"<p class=\"qtranxs-available-languages-message qtranxs-available-languages-message-en\">Sorry, this entry is only available in <a href=\"https:\/\/www.cne.cl\/es\/wp-json\/wp\/v2\/pages\/8244\" class=\"qtranxs-available-language-link qtranxs-available-language-link-es\" title=\"Espa\u00f1ol\">European Spanish<\/a>.<\/p>","protected":false},"excerpt":{"rendered":"<p>Sorry, this entry is only available in European Spanish.<\/p>\n","protected":false},"author":3,"featured_media":8265,"parent":7978,"menu_order":1,"comment_status":"closed","ping_status":"closed","template":"entrada-prensa.php","meta":[],"_links":{"self":[{"href":"https:\/\/www.cne.cl\/en\/wp-json\/wp\/v2\/pages\/8244"}],"collection":[{"href":"https:\/\/www.cne.cl\/en\/wp-json\/wp\/v2\/pages"}],"about":[{"href":"https:\/\/www.cne.cl\/en\/wp-json\/wp\/v2\/types\/page"}],"author":[{"embeddable":true,"href":"https:\/\/www.cne.cl\/en\/wp-json\/wp\/v2\/users\/3"}],"replies":[{"embeddable":true,"href":"https:\/\/www.cne.cl\/en\/wp-json\/wp\/v2\/comments?post=8244"}],"version-history":[{"count":11,"href":"https:\/\/www.cne.cl\/en\/wp-json\/wp\/v2\/pages\/8244\/revisions"}],"predecessor-version":[{"id":9170,"href":"https:\/\/www.cne.cl\/en\/wp-json\/wp\/v2\/pages\/8244\/revisions\/9170"}],"up":[{"embeddable":true,"href":"https:\/\/www.cne.cl\/en\/wp-json\/wp\/v2\/pages\/7978"}],"wp:featuredmedia":[{"embeddable":true,"href":"https:\/\/www.cne.cl\/en\/wp-json\/wp\/v2\/media\/8265"}],"wp:attachment":[{"href":"https:\/\/www.cne.cl\/en\/wp-json\/wp\/v2\/media?parent=8244"}],"curies":[{"name":"wp","href":"https:\/\/api.w.org\/{rel}","templated":true}]}}