

{"id":7938,"date":"2016-07-28T10:37:01","date_gmt":"2016-07-28T14:37:01","guid":{"rendered":"http:\/\/www.cne.cl\/?page_id=7938"},"modified":"2016-08-17T16:59:03","modified_gmt":"2016-08-17T19:59:03","slug":"gobierno-realiza-historica-licitacion-de-suministro-electrico-con-record-de-84-oferentes-en-competencia","status":"publish","type":"page","link":"https:\/\/www.cne.cl\/en\/prensa\/prensa-2016\/julio\/gobierno-realiza-historica-licitacion-de-suministro-electrico-con-record-de-84-oferentes-en-competencia\/","title":{"rendered":"GOBIERNO REALIZA HIST\u00d3RICA LICITACI\u00d3N DE SUMINISTRO EL\u00c9CTRICO,  CON R\u00c9CORD DE 84 OFERENTES EN COMPETENCIA."},"content":{"rendered":"<p class=\"qtranxs-available-languages-message qtranxs-available-languages-message-en\">Sorry, this entry is only available in <a href=\"https:\/\/www.cne.cl\/es\/wp-json\/wp\/v2\/pages\/7938\" class=\"qtranxs-available-language-link qtranxs-available-language-link-es\" title=\"Espa\u00f1ol\">European Spanish<\/a>.<\/p>","protected":false},"excerpt":{"rendered":"<p>Sorry, this entry is only available in European Spanish.<\/p>\n","protected":false},"author":3,"featured_media":7942,"parent":7779,"menu_order":0,"comment_status":"closed","ping_status":"closed","template":"entrada-prensa.php","meta":[],"_links":{"self":[{"href":"https:\/\/www.cne.cl\/en\/wp-json\/wp\/v2\/pages\/7938"}],"collection":[{"href":"https:\/\/www.cne.cl\/en\/wp-json\/wp\/v2\/pages"}],"about":[{"href":"https:\/\/www.cne.cl\/en\/wp-json\/wp\/v2\/types\/page"}],"author":[{"embeddable":true,"href":"https:\/\/www.cne.cl\/en\/wp-json\/wp\/v2\/users\/3"}],"replies":[{"embeddable":true,"href":"https:\/\/www.cne.cl\/en\/wp-json\/wp\/v2\/comments?post=7938"}],"version-history":[{"count":8,"href":"https:\/\/www.cne.cl\/en\/wp-json\/wp\/v2\/pages\/7938\/revisions"}],"predecessor-version":[{"id":8242,"href":"https:\/\/www.cne.cl\/en\/wp-json\/wp\/v2\/pages\/7938\/revisions\/8242"}],"up":[{"embeddable":true,"href":"https:\/\/www.cne.cl\/en\/wp-json\/wp\/v2\/pages\/7779"}],"wp:featuredmedia":[{"embeddable":true,"href":"https:\/\/www.cne.cl\/en\/wp-json\/wp\/v2\/media\/7942"}],"wp:attachment":[{"href":"https:\/\/www.cne.cl\/en\/wp-json\/wp\/v2\/media?parent=7938"}],"curies":[{"name":"wp","href":"https:\/\/api.w.org\/{rel}","templated":true}]}}