

{"id":6860,"date":"2016-04-14T15:02:26","date_gmt":"2016-04-14T18:02:26","guid":{"rendered":"http:\/\/www.cne.cl\/?page_id=6860"},"modified":"2016-06-03T09:24:02","modified_gmt":"2016-06-03T13:24:02","slug":"sala-senado-aprueba-proyecto-ley-de-transmision","status":"publish","type":"page","link":"https:\/\/www.cne.cl\/en\/prensa\/prensa-2016\/abril\/sala-senado-aprueba-proyecto-ley-de-transmision\/","title":{"rendered":"Sala Senado aprueba proyecto ley de transmisi\u00f3n"},"content":{"rendered":"<p> <\/p>\n<p>Valpara\u00edso, mi\u00e9rcoles 13 abril 2016<br \/>\nSala del Senado aprueba en general Proyecto de Ley que establece un nuevo sistema de Transmisi\u00f3n de energ\u00eda el\u00e9ctrica<br \/>\n\uf0d8\tIniciativa entregar\u00e1 m\u00e1s certidumbre al sector en el marco de la pr\u00f3xima licitaci\u00f3n de suministro de energ\u00eda, del 27 de julio.<\/p>\n<p>Esta tarde, la Sala del Senado vot\u00f3 favorablemente \u2013por 25 votos a favor y 2 en contra- en segundo tr\u00e1mite legislativo y en general el proyecto de ley que establece un nuevo Sistema de Transmisi\u00f3n de Energ\u00eda El\u00e9ctrica y crea un organismo Coordinador Independiente del Sistema El\u00e9ctrico Nacional.<\/p>\n<p>A la sesi\u00f3n asisti\u00f3 el Ministro de Energ\u00eda, M\u00e1ximo Pacheco y el Secretario Ejecutivo de la Comisi\u00f3n Nacional de Energ\u00eda, Andr\u00e9s Romero. <\/p>\n<p>En la Sala del Senado, el Secretario de Estado agradeci\u00f3 la confianza del Senado para continuar el trabajo que ha estado realizando esa cartera a trav\u00e9s del di\u00e1logo, con participaci\u00f3n e incorporando opiniones.<\/p>\n<p>Asimismo, destac\u00f3 el profuso trabajo pre-legislativo y legislativo, realizado de manera conjunta por la Universidad Cat\u00f3lica y el acad\u00e9mico Hugh Rudnick, que involucr\u00f3 la participaci\u00f3n de expertos del Poder Ejecutivo, del sector el\u00e9ctrico, actores sociales y de organizaciones ambientales, transform\u00e1ndose en uno de los m\u00e1s importantes hitos de la Agenda de Energ\u00eda.<\/p>\n<p>Pacheco destac\u00f3 tambi\u00e9n que este proyecto va a permitir que la pr\u00f3xima licitaci\u00f3n de suministro, que realizar\u00e1 la Comisi\u00f3n Nacional de Energ\u00eda el 27 de julio pr\u00f3ximo, permitir\u00e1 reducir la incertidumbre del sector y \u201csignificar\u00e1 un  importante disminuci\u00f3n en los precios que se ofertar\u00e1n, los que impactar\u00e1n directamente en la cuenta de la luz.<\/p>\n<p>Ahora la iniciativa pasar\u00e1 a la Comisi\u00f3n de Miner\u00eda y Energ\u00eda de la C\u00e1mara Alta para su discusi\u00f3n en particular.<\/p>\n<p>Entre los contenidos del Proyecto de Ley de Transmisi\u00f3n est\u00e1 que releva la importancia del Estado en la planificaci\u00f3n energ\u00e9tica, en la expansi\u00f3n de la transmisi\u00f3n y en la definici\u00f3n de franjas o trazados para las l\u00edneas de transmisi\u00f3n, minimizando los efectos sociales y ambientales asociados,  y asegurando instancias de participaci\u00f3n ciudadana.<\/p>\n<p>Asimismo, crea un Coordinador Independiente del Sistema El\u00e9ctrico Nacional, organismo independiente, sin fines de lucro, dotado de personalidad jur\u00eddica propia, que tendr\u00e1 como base las funciones de los actuales CDEC. <\/p>\n<p>El proyecto establece una nueva definici\u00f3n de los Sistemas de Transmisi\u00f3n: Transmisi\u00f3n Nacional (actualmente Troncal), Transmisi\u00f3n Zonal (actualmente Subtransmisi\u00f3n), los Sistemas Dedicados (actualmente transmisi\u00f3n adicional), los Polos de Desarrollo y las interconexiones internacionales.<br \/>\n<\/p>","protected":false},"excerpt":{"rendered":"<p>Valpara\u00edso, mi\u00e9rcoles 13 abril 2016 Sala del Senado aprueba en general Proyecto de Ley que establece un nuevo sistema de Transmisi\u00f3n de energ\u00eda el\u00e9ctrica \uf0d8 Iniciativa entregar\u00e1 m\u00e1s certidumbre al sector en el marco de la pr\u00f3xima licitaci\u00f3n de suministro de energ\u00eda, del 27 de julio. Esta tarde, la Sala del Senado vot\u00f3 favorablemente \u2013por [&hellip;]<\/p>\n","protected":false},"author":3,"featured_media":6880,"parent":6862,"menu_order":0,"comment_status":"closed","ping_status":"closed","template":"entrada-prensa.php","meta":[],"_links":{"self":[{"href":"https:\/\/www.cne.cl\/en\/wp-json\/wp\/v2\/pages\/6860"}],"collection":[{"href":"https:\/\/www.cne.cl\/en\/wp-json\/wp\/v2\/pages"}],"about":[{"href":"https:\/\/www.cne.cl\/en\/wp-json\/wp\/v2\/types\/page"}],"author":[{"embeddable":true,"href":"https:\/\/www.cne.cl\/en\/wp-json\/wp\/v2\/users\/3"}],"replies":[{"embeddable":true,"href":"https:\/\/www.cne.cl\/en\/wp-json\/wp\/v2\/comments?post=6860"}],"version-history":[{"count":8,"href":"https:\/\/www.cne.cl\/en\/wp-json\/wp\/v2\/pages\/6860\/revisions"}],"predecessor-version":[{"id":7490,"href":"https:\/\/www.cne.cl\/en\/wp-json\/wp\/v2\/pages\/6860\/revisions\/7490"}],"up":[{"embeddable":true,"href":"https:\/\/www.cne.cl\/en\/wp-json\/wp\/v2\/pages\/6862"}],"wp:featuredmedia":[{"embeddable":true,"href":"https:\/\/www.cne.cl\/en\/wp-json\/wp\/v2\/media\/6880"}],"wp:attachment":[{"href":"https:\/\/www.cne.cl\/en\/wp-json\/wp\/v2\/media?parent=6860"}],"curies":[{"name":"wp","href":"https:\/\/api.w.org\/{rel}","templated":true}]}}