

{"id":60024,"date":"2026-05-15T13:11:32","date_gmt":"2026-05-15T17:11:32","guid":{"rendered":"https:\/\/www.cne.cl\/?page_id=60024"},"modified":"2026-05-15T13:11:32","modified_gmt":"2026-05-15T17:11:32","slug":"reunion-de-alto-nivel-entre-chile-y-argentina-para-fortalecer-la-cooperacion-energetica","status":"publish","type":"page","link":"https:\/\/www.cne.cl\/en\/prensa\/prensa-2026\/05-mayo-2026\/reunion-de-alto-nivel-entre-chile-y-argentina-para-fortalecer-la-cooperacion-energetica\/","title":{"rendered":"(Espa\u00f1ol) Reuni\u00f3n de alto nivel entre Chile y Argentina para fortalecer la cooperaci\u00f3n energ\u00e9tica"},"content":{"rendered":"<p class=\"qtranxs-available-languages-message qtranxs-available-languages-message-en\">Sorry, this entry is only available in <a href=\"https:\/\/www.cne.cl\/es\/wp-json\/wp\/v2\/pages\/60024\" class=\"qtranxs-available-language-link qtranxs-available-language-link-es\" title=\"Espa\u00f1ol\">European Spanish<\/a>.<\/p>","protected":false},"excerpt":{"rendered":"<p>Sorry, this entry is only available in European Spanish.<\/p>\n","protected":false},"author":61,"featured_media":60025,"parent":59981,"menu_order":0,"comment_status":"closed","ping_status":"closed","template":"entrada-prensa.php","meta":[],"_links":{"self":[{"href":"https:\/\/www.cne.cl\/en\/wp-json\/wp\/v2\/pages\/60024"}],"collection":[{"href":"https:\/\/www.cne.cl\/en\/wp-json\/wp\/v2\/pages"}],"about":[{"href":"https:\/\/www.cne.cl\/en\/wp-json\/wp\/v2\/types\/page"}],"author":[{"embeddable":true,"href":"https:\/\/www.cne.cl\/en\/wp-json\/wp\/v2\/users\/61"}],"replies":[{"embeddable":true,"href":"https:\/\/www.cne.cl\/en\/wp-json\/wp\/v2\/comments?post=60024"}],"version-history":[{"count":1,"href":"https:\/\/www.cne.cl\/en\/wp-json\/wp\/v2\/pages\/60024\/revisions"}],"predecessor-version":[{"id":60026,"href":"https:\/\/www.cne.cl\/en\/wp-json\/wp\/v2\/pages\/60024\/revisions\/60026"}],"up":[{"embeddable":true,"href":"https:\/\/www.cne.cl\/en\/wp-json\/wp\/v2\/pages\/59981"}],"wp:featuredmedia":[{"embeddable":true,"href":"https:\/\/www.cne.cl\/en\/wp-json\/wp\/v2\/media\/60025"}],"wp:attachment":[{"href":"https:\/\/www.cne.cl\/en\/wp-json\/wp\/v2\/media?parent=60024"}],"curies":[{"name":"wp","href":"https:\/\/api.w.org\/{rel}","templated":true}]}}