

{"id":60018,"date":"2026-05-12T17:20:30","date_gmt":"2026-05-12T21:20:30","guid":{"rendered":"https:\/\/www.cne.cl\/?page_id=60018"},"modified":"2026-05-15T10:27:15","modified_gmt":"2026-05-15T14:27:15","slug":"danilo-zurita-aborda-desafios-del-sistema-electrico-ante-auge-de-data-centers-en-proyecta-solar-2026","status":"publish","type":"page","link":"https:\/\/www.cne.cl\/en\/prensa\/prensa-2026\/05-mayo-2026\/danilo-zurita-aborda-desafios-del-sistema-electrico-ante-auge-de-data-centers-en-proyecta-solar-2026\/","title":{"rendered":"(Espa\u00f1ol) Danilo Zurita aborda desaf\u00edos del sistema el\u00e9ctrico ante auge de data centers en Proyecta Solar 2026"},"content":{"rendered":"<p class=\"qtranxs-available-languages-message qtranxs-available-languages-message-en\">Sorry, this entry is only available in <a href=\"https:\/\/www.cne.cl\/es\/wp-json\/wp\/v2\/pages\/60018\" class=\"qtranxs-available-language-link qtranxs-available-language-link-es\" title=\"Espa\u00f1ol\">European Spanish<\/a>.<\/p>","protected":false},"excerpt":{"rendered":"<p>Sorry, this entry is only available in European Spanish.<\/p>\n","protected":false},"author":61,"featured_media":60019,"parent":59981,"menu_order":0,"comment_status":"closed","ping_status":"closed","template":"entrada-prensa.php","meta":[],"_links":{"self":[{"href":"https:\/\/www.cne.cl\/en\/wp-json\/wp\/v2\/pages\/60018"}],"collection":[{"href":"https:\/\/www.cne.cl\/en\/wp-json\/wp\/v2\/pages"}],"about":[{"href":"https:\/\/www.cne.cl\/en\/wp-json\/wp\/v2\/types\/page"}],"author":[{"embeddable":true,"href":"https:\/\/www.cne.cl\/en\/wp-json\/wp\/v2\/users\/61"}],"replies":[{"embeddable":true,"href":"https:\/\/www.cne.cl\/en\/wp-json\/wp\/v2\/comments?post=60018"}],"version-history":[{"count":1,"href":"https:\/\/www.cne.cl\/en\/wp-json\/wp\/v2\/pages\/60018\/revisions"}],"predecessor-version":[{"id":60023,"href":"https:\/\/www.cne.cl\/en\/wp-json\/wp\/v2\/pages\/60018\/revisions\/60023"}],"up":[{"embeddable":true,"href":"https:\/\/www.cne.cl\/en\/wp-json\/wp\/v2\/pages\/59981"}],"wp:featuredmedia":[{"embeddable":true,"href":"https:\/\/www.cne.cl\/en\/wp-json\/wp\/v2\/media\/60019"}],"wp:attachment":[{"href":"https:\/\/www.cne.cl\/en\/wp-json\/wp\/v2\/media?parent=60018"}],"curies":[{"name":"wp","href":"https:\/\/api.w.org\/{rel}","templated":true}]}}