

{"id":6001,"date":"2016-03-18T15:04:14","date_gmt":"2016-03-18T18:04:14","guid":{"rendered":"http:\/\/www.cne.cl\/?page_id=6001"},"modified":"2016-03-18T15:05:30","modified_gmt":"2016-03-18T18:05:30","slug":"senado-aprueba-por-unanimidad-proyecto-de-equidad-tarifaria-y-reconocimiento-a-la-generacion-local","status":"publish","type":"page","link":"https:\/\/www.cne.cl\/en\/prensa\/prensa-2016\/marzo-2016\/senado-aprueba-por-unanimidad-proyecto-de-equidad-tarifaria-y-reconocimiento-a-la-generacion-local\/","title":{"rendered":"Senado aprueba por unanimidad proyecto de Equidad Tarifaria y Reconocimiento a la Generaci\u00f3n Local."},"content":{"rendered":"<p>Martes 15 marzo 2016. Esta tarde, la Sala del Senado aprob\u00f3 por unanimidad \u2013en primer tr\u00e1mite legislativo- el proyecto de ley de Equidad Tarifaria y Reconocimiento a la Generaci\u00f3n Local, quedando en condiciones de ser visto por la C\u00e1mara de Diputados.<br \/>\nLa iniciativa, impulsada por el Ministerio de Energ\u00eda, fue enviada en junio de 2015 por el gobierno para iniciar su tramitaci\u00f3n en el Congreso.<br \/>\nEl Secretario Ejecutivo de la Comisi\u00f3n Nacional de Energ\u00eda (CNE), Andr\u00e9s Romero, se\u00f1al\u00f3 que con esta votaci\u00f3n favorable del Senado, \u201chemos dado un nuevo paso en los cambios que hemos estado trabajando estos a\u00f1os para mejorar las condiciones de equidad en nuestro pa\u00eds y hacer m\u00e1s inclusiva la energ\u00eda\u201d.<br \/>\nRomero agreg\u00f3 que con esta iniciativa \u201cm\u00e1s de 2,7 millones de clientes, es decir, unos 10 millones de chilenas y chilenos, ver\u00e1n reducidas sus tarifas, en algunos casos en m\u00e1s de 40%\u201d.<br \/>\nEn la actualidad, existe un cobro muy desigual en las tarifas el\u00e9ctricas residenciales a lo largo del pa\u00eds, que van desde $19.344 (en Santiago) hasta $36.159 (en Linares) (c\u00e1lculo efectuado sobre cuenta tipo de 180 kwh, enero 2015).<br \/>\nEl Proyecto de Ley introduce mecanismos de equidad en las tarifas el\u00e9ctricas y tiene por objetivo disminuir las diferencias existentes en las cuentas de electricidad de los clientes finales de las distintas zonas del pa\u00eds, con un claro objetivo de equidad territorial. En la misma l\u00ednea, esta iniciativa tambi\u00e9n contempla el reconocimiento a la generaci\u00f3n de energ\u00eda en comunas productoras de la misma.<br \/>\nEl Proyecto de Ley de Equidad Tarifaria contempla dos medidas:<br \/>\n1)Equidad tarifaria residencial: Se modifica el componente de distribuci\u00f3n de las tarifas residenciales (Hoy BT1),  logr\u00e1ndose que la diferencia promedio de las cuentas tipo y la cuenta tipo m\u00e1s alta no sea superior al 10%.<br \/>\n2)Reconocimiento a la Generaci\u00f3n Local: Hoy, algunas comunas intensivas en generaci\u00f3n de energ\u00eda el\u00e9ctrica tienen tarifas m\u00e1s elevadas respecto de donde no existe producci\u00f3n de energ\u00eda. En la experiencia internacional (Noruega, por ejemplo), se retribuye la contribuci\u00f3n que hacen las comunas generadoras, utiliz\u00e1ndose diversos instrumentos. El proyecto de ley establece un descuento en los precios de las cuentas de luz en las comunas intensivas en generaci\u00f3n el\u00e9ctrica, que ser\u00e1 asumido por aquellas comunas que no lo son.<br \/>\n<\/p>","protected":false},"excerpt":{"rendered":"<p>Martes 15 marzo 2016. Esta tarde, la Sala del Senado aprob\u00f3 por unanimidad \u2013en primer tr\u00e1mite legislativo- el proyecto de ley de Equidad Tarifaria y Reconocimiento a la Generaci\u00f3n Local, quedando en condiciones de ser visto por la C\u00e1mara de Diputados. La iniciativa, impulsada por el Ministerio de Energ\u00eda, fue enviada en junio de 2015 [&hellip;]<\/p>\n","protected":false},"author":3,"featured_media":6000,"parent":5981,"menu_order":1,"comment_status":"closed","ping_status":"closed","template":"","meta":[],"_links":{"self":[{"href":"https:\/\/www.cne.cl\/en\/wp-json\/wp\/v2\/pages\/6001"}],"collection":[{"href":"https:\/\/www.cne.cl\/en\/wp-json\/wp\/v2\/pages"}],"about":[{"href":"https:\/\/www.cne.cl\/en\/wp-json\/wp\/v2\/types\/page"}],"author":[{"embeddable":true,"href":"https:\/\/www.cne.cl\/en\/wp-json\/wp\/v2\/users\/3"}],"replies":[{"embeddable":true,"href":"https:\/\/www.cne.cl\/en\/wp-json\/wp\/v2\/comments?post=6001"}],"version-history":[{"count":2,"href":"https:\/\/www.cne.cl\/en\/wp-json\/wp\/v2\/pages\/6001\/revisions"}],"predecessor-version":[{"id":6004,"href":"https:\/\/www.cne.cl\/en\/wp-json\/wp\/v2\/pages\/6001\/revisions\/6004"}],"up":[{"embeddable":true,"href":"https:\/\/www.cne.cl\/en\/wp-json\/wp\/v2\/pages\/5981"}],"wp:featuredmedia":[{"embeddable":true,"href":"https:\/\/www.cne.cl\/en\/wp-json\/wp\/v2\/media\/6000"}],"wp:attachment":[{"href":"https:\/\/www.cne.cl\/en\/wp-json\/wp\/v2\/media?parent=6001"}],"curies":[{"name":"wp","href":"https:\/\/api.w.org\/{rel}","templated":true}]}}