

{"id":5986,"date":"2016-03-17T14:15:02","date_gmt":"2016-03-17T17:15:02","guid":{"rendered":"http:\/\/www.cne.cl\/?page_id=5986"},"modified":"2016-07-29T09:55:14","modified_gmt":"2016-07-29T13:55:14","slug":"5986-2","status":"publish","type":"page","link":"https:\/\/www.cne.cl\/en\/prensa\/prensa-2016\/marzo-2016\/5986-2\/","title":{"rendered":"CNE  realizar\u00e1  el  27 de julio la Presentaci\u00f3n de Propuestas para Licitaci\u00f3n de Suministro El\u00e9ctrico para clientes regulados."},"content":{"rendered":"<p>Es la subasta de mayor energ\u00eda  de 13.750 GWh\/a\u00f1o, equivalente a un tercio del consumo de los clientes regulados y que es dirigida por la Comisi\u00f3n  Santiago, jueves 17 marzo 2016. La Comisi\u00f3n Nacional de Energ\u00eda (CNE) inform\u00f3 que el mi\u00e9rcoles 27 de julio de este a\u00f1o, entre las 9:00 y las 13:00 horas, se realizar\u00e1 la Presentaci\u00f3n de las Propuestas por parte de las empresas generadoras interesadas en participar en el proceso de Licitaci\u00f3n P\u00fablica Nacional e Internacional para el Suministro de Potencia y Energ\u00eda El\u00e9ctrica para abastecer los consumos de sometidos a regulaci\u00f3n de precios (proceso 2015\/01).<\/p>\n<p>El pr\u00f3ximo proceso licitatorio \u2013 cuyo dise\u00f1o, coordinaci\u00f3n y direcci\u00f3n est\u00e1 a cargo de la Comisi\u00f3n Nacional de Energ\u00eda, en el marco de la nueva ley de licitaciones (N\u00b020.805) &#8211; representa la subasta de mayor energ\u00eda (13.750 GWh\/a\u00f1o, equivalente a un tercio del consumo de los clientes regulados) que se ha realizado en el pa\u00eds desde que este esquema regulatorio se implement\u00f3 y se realizaron las primeras licitaciones en el a\u00f1o 2006.<\/p>\n<p>Esta licitaci\u00f3n permitir\u00e1 obtener contratos de largo plazo por 20 a\u00f1os a las empresas generadoras que resulten adjudicadas, y abastecer\u00e1 las necesidades de energ\u00eda de los clientes regulados del SIC y SING a partir del a\u00f1o 2021.Se subastar\u00e1n 13.750 GWh\/a\u00f1o, equivalente a un tercio del consumo de los clientes regulados.<\/p>\n<p>Santiago, jueves 17 marzo 2016. La Comisi\u00f3n Nacional de Energ\u00eda (CNE) inform\u00f3 que  el mi\u00e9rcoles 27 de julio de este a\u00f1o, entre las 9:00 y las 13:00 horas, se realizar\u00e1 la Presentaci\u00f3n de las Propuestas por parte de las empresas generadoras interesadas en participar en el proceso de Licitaci\u00f3n P\u00fablica Nacional e Internacional para el Suministro de Potencia y Energ\u00eda El\u00e9ctrica para abastecer los consumos de sometidos a regulaci\u00f3n de precios (proceso 2015\/01).<\/p>\n<p>El pr\u00f3ximo proceso licitatorio \u2013 cuyo dise\u00f1o, coordinaci\u00f3n y direcci\u00f3n est\u00e1 a cargo de la Comisi\u00f3n Nacional de Energ\u00eda, en el marco de la nueva ley de licitaciones (N\u00b020.805) &#8211; representa la subasta de mayor energ\u00eda (13.750 GWh\/a\u00f1o, equivalente a un tercio del consumo de los clientes regulados) que se ha realizado en el pa\u00eds  desde que este esquema regulatorio se implement\u00f3 y se realizaron las primeras licitaciones en el a\u00f1o 2006. <\/p>\n<p>Esta licitaci\u00f3n permitir\u00e1 obtener contratos de largo plazo por 20 a\u00f1os a las empresas generadoras que resulten adjudicadas, y abastecer\u00e1 las necesidades de energ\u00eda de los clientes regulados del SIC y SING a partir del a\u00f1o 2021.<br \/>\n<\/p>","protected":false},"excerpt":{"rendered":"<p>Es la subasta de mayor energ\u00eda de 13.750 GWh\/a\u00f1o, equivalente a un tercio del consumo de los clientes regulados y que es dirigida por la Comisi\u00f3n Santiago, jueves 17 marzo 2016. La Comisi\u00f3n Nacional de Energ\u00eda (CNE) inform\u00f3 que el mi\u00e9rcoles 27 de julio de este a\u00f1o, entre las 9:00 y las 13:00 horas, se [&hellip;]<\/p>\n","protected":false},"author":3,"featured_media":5997,"parent":5981,"menu_order":0,"comment_status":"closed","ping_status":"closed","template":"entrada-prensa.php","meta":[],"_links":{"self":[{"href":"https:\/\/www.cne.cl\/en\/wp-json\/wp\/v2\/pages\/5986"}],"collection":[{"href":"https:\/\/www.cne.cl\/en\/wp-json\/wp\/v2\/pages"}],"about":[{"href":"https:\/\/www.cne.cl\/en\/wp-json\/wp\/v2\/types\/page"}],"author":[{"embeddable":true,"href":"https:\/\/www.cne.cl\/en\/wp-json\/wp\/v2\/users\/3"}],"replies":[{"embeddable":true,"href":"https:\/\/www.cne.cl\/en\/wp-json\/wp\/v2\/comments?post=5986"}],"version-history":[{"count":30,"href":"https:\/\/www.cne.cl\/en\/wp-json\/wp\/v2\/pages\/5986\/revisions"}],"predecessor-version":[{"id":7951,"href":"https:\/\/www.cne.cl\/en\/wp-json\/wp\/v2\/pages\/5986\/revisions\/7951"}],"up":[{"embeddable":true,"href":"https:\/\/www.cne.cl\/en\/wp-json\/wp\/v2\/pages\/5981"}],"wp:featuredmedia":[{"embeddable":true,"href":"https:\/\/www.cne.cl\/en\/wp-json\/wp\/v2\/media\/5997"}],"wp:attachment":[{"href":"https:\/\/www.cne.cl\/en\/wp-json\/wp\/v2\/media?parent=5986"}],"curies":[{"name":"wp","href":"https:\/\/api.w.org\/{rel}","templated":true}]}}