

{"id":59803,"date":"2026-04-23T17:18:57","date_gmt":"2026-04-23T21:18:57","guid":{"rendered":"https:\/\/www.cne.cl\/?page_id=59803"},"modified":"2026-04-23T17:21:32","modified_gmt":"2026-04-23T21:21:32","slug":"abierto-el-proceso-de-licitacion-para-el-estudio-de-costos-del-vad-para-los-servicios-de-gas-en-la-region-de-magallanes-y-la-antartica-chilena","status":"publish","type":"page","link":"https:\/\/www.cne.cl\/en\/prensa\/prensa-2026\/04-abril-2026\/abierto-el-proceso-de-licitacion-para-el-estudio-de-costos-del-vad-para-los-servicios-de-gas-en-la-region-de-magallanes-y-la-antartica-chilena\/","title":{"rendered":"(Espa\u00f1ol) Abierto el proceso de licitaci\u00f3n para el Estudio de Costos del VAD para los servicios de gas en la Regi\u00f3n de Magallanes y la Ant\u00e1rtica Chilena"},"content":{"rendered":"<p class=\"qtranxs-available-languages-message qtranxs-available-languages-message-en\">Sorry, this entry is only available in <a href=\"https:\/\/www.cne.cl\/es\/wp-json\/wp\/v2\/pages\/59803\" class=\"qtranxs-available-language-link qtranxs-available-language-link-es\" title=\"Espa\u00f1ol\">European Spanish<\/a>.<\/p>","protected":false},"excerpt":{"rendered":"<p>Sorry, this entry is only available in European Spanish.<\/p>\n","protected":false},"author":61,"featured_media":59805,"parent":59558,"menu_order":0,"comment_status":"closed","ping_status":"closed","template":"entrada-prensa.php","meta":[],"_links":{"self":[{"href":"https:\/\/www.cne.cl\/en\/wp-json\/wp\/v2\/pages\/59803"}],"collection":[{"href":"https:\/\/www.cne.cl\/en\/wp-json\/wp\/v2\/pages"}],"about":[{"href":"https:\/\/www.cne.cl\/en\/wp-json\/wp\/v2\/types\/page"}],"author":[{"embeddable":true,"href":"https:\/\/www.cne.cl\/en\/wp-json\/wp\/v2\/users\/61"}],"replies":[{"embeddable":true,"href":"https:\/\/www.cne.cl\/en\/wp-json\/wp\/v2\/comments?post=59803"}],"version-history":[{"count":2,"href":"https:\/\/www.cne.cl\/en\/wp-json\/wp\/v2\/pages\/59803\/revisions"}],"predecessor-version":[{"id":59807,"href":"https:\/\/www.cne.cl\/en\/wp-json\/wp\/v2\/pages\/59803\/revisions\/59807"}],"up":[{"embeddable":true,"href":"https:\/\/www.cne.cl\/en\/wp-json\/wp\/v2\/pages\/59558"}],"wp:featuredmedia":[{"embeddable":true,"href":"https:\/\/www.cne.cl\/en\/wp-json\/wp\/v2\/media\/59805"}],"wp:attachment":[{"href":"https:\/\/www.cne.cl\/en\/wp-json\/wp\/v2\/media?parent=59803"}],"curies":[{"name":"wp","href":"https:\/\/api.w.org\/{rel}","templated":true}]}}