

{"id":59658,"date":"2026-04-09T17:17:48","date_gmt":"2026-04-09T21:17:48","guid":{"rendered":"https:\/\/www.cne.cl\/?page_id=59658"},"modified":"2026-04-09T17:29:07","modified_gmt":"2026-04-09T21:29:07","slug":"invitacion-seminario-presencial-hacia-un-sistema-electrico-mas-robusto-agenda-normativa-actual","status":"publish","type":"page","link":"https:\/\/www.cne.cl\/en\/prensa\/prensa-2026\/04-abril-2026\/invitacion-seminario-presencial-hacia-un-sistema-electrico-mas-robusto-agenda-normativa-actual\/","title":{"rendered":"(Espa\u00f1ol) Invitaci\u00f3n seminario presencial &#8220;Hacia un Sistema El\u00e9ctrico m\u00e1s Robusto: Agenda Normativa Actual&#8221;"},"content":{"rendered":"<p class=\"qtranxs-available-languages-message qtranxs-available-languages-message-en\">Sorry, this entry is only available in <a href=\"https:\/\/www.cne.cl\/es\/wp-json\/wp\/v2\/pages\/59658\" class=\"qtranxs-available-language-link qtranxs-available-language-link-es\" title=\"Espa\u00f1ol\">European Spanish<\/a>.<\/p>","protected":false},"excerpt":{"rendered":"<p>Sorry, this entry is only available in European Spanish.<\/p>\n","protected":false},"author":61,"featured_media":59659,"parent":59558,"menu_order":0,"comment_status":"closed","ping_status":"closed","template":"entrada-prensa.php","meta":[],"_links":{"self":[{"href":"https:\/\/www.cne.cl\/en\/wp-json\/wp\/v2\/pages\/59658"}],"collection":[{"href":"https:\/\/www.cne.cl\/en\/wp-json\/wp\/v2\/pages"}],"about":[{"href":"https:\/\/www.cne.cl\/en\/wp-json\/wp\/v2\/types\/page"}],"author":[{"embeddable":true,"href":"https:\/\/www.cne.cl\/en\/wp-json\/wp\/v2\/users\/61"}],"replies":[{"embeddable":true,"href":"https:\/\/www.cne.cl\/en\/wp-json\/wp\/v2\/comments?post=59658"}],"version-history":[{"count":9,"href":"https:\/\/www.cne.cl\/en\/wp-json\/wp\/v2\/pages\/59658\/revisions"}],"predecessor-version":[{"id":59669,"href":"https:\/\/www.cne.cl\/en\/wp-json\/wp\/v2\/pages\/59658\/revisions\/59669"}],"up":[{"embeddable":true,"href":"https:\/\/www.cne.cl\/en\/wp-json\/wp\/v2\/pages\/59558"}],"wp:featuredmedia":[{"embeddable":true,"href":"https:\/\/www.cne.cl\/en\/wp-json\/wp\/v2\/media\/59659"}],"wp:attachment":[{"href":"https:\/\/www.cne.cl\/en\/wp-json\/wp\/v2\/media?parent=59658"}],"curies":[{"name":"wp","href":"https:\/\/api.w.org\/{rel}","templated":true}]}}