

{"id":59619,"date":"2026-04-08T14:29:42","date_gmt":"2026-04-08T18:29:42","guid":{"rendered":"https:\/\/www.cne.cl\/?page_id=59619"},"modified":"2026-04-08T14:32:09","modified_gmt":"2026-04-08T18:32:09","slug":"ruben-urquieta-asume-como-subjefe-del-subdepartamento-de-tarificacion-en-generacion-y-distribucion","status":"publish","type":"page","link":"https:\/\/www.cne.cl\/en\/prensa\/prensa-2026\/04-abril-2026\/ruben-urquieta-asume-como-subjefe-del-subdepartamento-de-tarificacion-en-generacion-y-distribucion\/","title":{"rendered":"(Espa\u00f1ol) Rub\u00e9n Urquieta asume como subjefe del Subdepartamento de Tarificaci\u00f3n en Generaci\u00f3n y Distribuci\u00f3n"},"content":{"rendered":"<p class=\"qtranxs-available-languages-message qtranxs-available-languages-message-en\">Sorry, this entry is only available in <a href=\"https:\/\/www.cne.cl\/es\/wp-json\/wp\/v2\/pages\/59619\" class=\"qtranxs-available-language-link qtranxs-available-language-link-es\" title=\"Espa\u00f1ol\">European Spanish<\/a>.<\/p>","protected":false},"excerpt":{"rendered":"<p>Sorry, this entry is only available in European Spanish.<\/p>\n","protected":false},"author":61,"featured_media":59620,"parent":59558,"menu_order":0,"comment_status":"closed","ping_status":"closed","template":"entrada-prensa.php","meta":[],"_links":{"self":[{"href":"https:\/\/www.cne.cl\/en\/wp-json\/wp\/v2\/pages\/59619"}],"collection":[{"href":"https:\/\/www.cne.cl\/en\/wp-json\/wp\/v2\/pages"}],"about":[{"href":"https:\/\/www.cne.cl\/en\/wp-json\/wp\/v2\/types\/page"}],"author":[{"embeddable":true,"href":"https:\/\/www.cne.cl\/en\/wp-json\/wp\/v2\/users\/61"}],"replies":[{"embeddable":true,"href":"https:\/\/www.cne.cl\/en\/wp-json\/wp\/v2\/comments?post=59619"}],"version-history":[{"count":3,"href":"https:\/\/www.cne.cl\/en\/wp-json\/wp\/v2\/pages\/59619\/revisions"}],"predecessor-version":[{"id":59623,"href":"https:\/\/www.cne.cl\/en\/wp-json\/wp\/v2\/pages\/59619\/revisions\/59623"}],"up":[{"embeddable":true,"href":"https:\/\/www.cne.cl\/en\/wp-json\/wp\/v2\/pages\/59558"}],"wp:featuredmedia":[{"embeddable":true,"href":"https:\/\/www.cne.cl\/en\/wp-json\/wp\/v2\/media\/59620"}],"wp:attachment":[{"href":"https:\/\/www.cne.cl\/en\/wp-json\/wp\/v2\/media?parent=59619"}],"curies":[{"name":"wp","href":"https:\/\/api.w.org\/{rel}","templated":true}]}}