

{"id":59169,"date":"2026-03-05T12:00:57","date_gmt":"2026-03-05T15:00:57","guid":{"rendered":"https:\/\/www.cne.cl\/?page_id=59169"},"modified":"2026-03-06T11:01:30","modified_gmt":"2026-03-06T14:01:30","slug":"se-graduan-participantes-de-la-septima-version-del-programa-mujeres-del-servicio-civil","status":"publish","type":"page","link":"https:\/\/www.cne.cl\/en\/prensa\/prensa-2026\/03-marzo-2026\/se-graduan-participantes-de-la-septima-version-del-programa-mujeres-del-servicio-civil\/","title":{"rendered":"(Espa\u00f1ol) Se grad\u00faan participantes de la S\u00e9ptima versi\u00f3n del Programa +Mujeres del Servicio Civil"},"content":{"rendered":"<p class=\"qtranxs-available-languages-message qtranxs-available-languages-message-en\">Sorry, this entry is only available in <a href=\"https:\/\/www.cne.cl\/es\/wp-json\/wp\/v2\/pages\/59169\" class=\"qtranxs-available-language-link qtranxs-available-language-link-es\" title=\"Espa\u00f1ol\">European Spanish<\/a>.<\/p>","protected":false},"excerpt":{"rendered":"<p>Sorry, this entry is only available in European Spanish.<\/p>\n","protected":false},"author":61,"featured_media":59172,"parent":59135,"menu_order":0,"comment_status":"closed","ping_status":"closed","template":"entrada-prensa.php","meta":[],"_links":{"self":[{"href":"https:\/\/www.cne.cl\/en\/wp-json\/wp\/v2\/pages\/59169"}],"collection":[{"href":"https:\/\/www.cne.cl\/en\/wp-json\/wp\/v2\/pages"}],"about":[{"href":"https:\/\/www.cne.cl\/en\/wp-json\/wp\/v2\/types\/page"}],"author":[{"embeddable":true,"href":"https:\/\/www.cne.cl\/en\/wp-json\/wp\/v2\/users\/61"}],"replies":[{"embeddable":true,"href":"https:\/\/www.cne.cl\/en\/wp-json\/wp\/v2\/comments?post=59169"}],"version-history":[{"count":1,"href":"https:\/\/www.cne.cl\/en\/wp-json\/wp\/v2\/pages\/59169\/revisions"}],"predecessor-version":[{"id":59173,"href":"https:\/\/www.cne.cl\/en\/wp-json\/wp\/v2\/pages\/59169\/revisions\/59173"}],"up":[{"embeddable":true,"href":"https:\/\/www.cne.cl\/en\/wp-json\/wp\/v2\/pages\/59135"}],"wp:featuredmedia":[{"embeddable":true,"href":"https:\/\/www.cne.cl\/en\/wp-json\/wp\/v2\/media\/59172"}],"wp:attachment":[{"href":"https:\/\/www.cne.cl\/en\/wp-json\/wp\/v2\/media?parent=59169"}],"curies":[{"name":"wp","href":"https:\/\/api.w.org\/{rel}","templated":true}]}}