

{"id":59155,"date":"2026-03-05T15:59:38","date_gmt":"2026-03-05T18:59:38","guid":{"rendered":"https:\/\/www.cne.cl\/?page_id=59155"},"modified":"2026-03-05T16:15:19","modified_gmt":"2026-03-05T19:15:19","slug":"10-anos-de-energia-mujeres-un-hito-para-la-industria-energetica-y-la-igualdad-de-genero","status":"publish","type":"page","link":"https:\/\/www.cne.cl\/en\/prensa\/prensa-2026\/03-marzo-2026\/10-anos-de-energia-mujeres-un-hito-para-la-industria-energetica-y-la-igualdad-de-genero\/","title":{"rendered":"(Espa\u00f1ol) 10 a\u00f1os de Energ\u00eda + Mujeres: un hito para la industria energ\u00e9tica y la igualdad de g\u00e9nero"},"content":{"rendered":"<p class=\"qtranxs-available-languages-message qtranxs-available-languages-message-en\">Sorry, this entry is only available in <a href=\"https:\/\/www.cne.cl\/es\/wp-json\/wp\/v2\/pages\/59155\" class=\"qtranxs-available-language-link qtranxs-available-language-link-es\" title=\"Espa\u00f1ol\">European Spanish<\/a>.<\/p>","protected":false},"excerpt":{"rendered":"<p>Sorry, this entry is only available in European Spanish.<\/p>\n","protected":false},"author":61,"featured_media":59159,"parent":59135,"menu_order":0,"comment_status":"closed","ping_status":"closed","template":"entrada-prensa.php","meta":[],"_links":{"self":[{"href":"https:\/\/www.cne.cl\/en\/wp-json\/wp\/v2\/pages\/59155"}],"collection":[{"href":"https:\/\/www.cne.cl\/en\/wp-json\/wp\/v2\/pages"}],"about":[{"href":"https:\/\/www.cne.cl\/en\/wp-json\/wp\/v2\/types\/page"}],"author":[{"embeddable":true,"href":"https:\/\/www.cne.cl\/en\/wp-json\/wp\/v2\/users\/61"}],"replies":[{"embeddable":true,"href":"https:\/\/www.cne.cl\/en\/wp-json\/wp\/v2\/comments?post=59155"}],"version-history":[{"count":3,"href":"https:\/\/www.cne.cl\/en\/wp-json\/wp\/v2\/pages\/59155\/revisions"}],"predecessor-version":[{"id":59165,"href":"https:\/\/www.cne.cl\/en\/wp-json\/wp\/v2\/pages\/59155\/revisions\/59165"}],"up":[{"embeddable":true,"href":"https:\/\/www.cne.cl\/en\/wp-json\/wp\/v2\/pages\/59135"}],"wp:featuredmedia":[{"embeddable":true,"href":"https:\/\/www.cne.cl\/en\/wp-json\/wp\/v2\/media\/59159"}],"wp:attachment":[{"href":"https:\/\/www.cne.cl\/en\/wp-json\/wp\/v2\/media?parent=59155"}],"curies":[{"name":"wp","href":"https:\/\/api.w.org\/{rel}","templated":true}]}}