

{"id":58981,"date":"2026-02-19T09:21:58","date_gmt":"2026-02-19T12:21:58","guid":{"rendered":"https:\/\/www.cne.cl\/?page_id=58981"},"modified":"2026-02-19T11:46:59","modified_gmt":"2026-02-19T14:46:59","slug":"actualizacion-de-la-norma-tecnica-de-conexion-y-operacion-de-pmgd-ntco-pmgd","status":"publish","type":"page","link":"https:\/\/www.cne.cl\/en\/prensa\/prensa-2026\/02-febrero-2026\/actualizacion-de-la-norma-tecnica-de-conexion-y-operacion-de-pmgd-ntco-pmgd\/","title":{"rendered":"(Espa\u00f1ol) Actualizaci\u00f3n  de la Norma T\u00e9cnica de Conexi\u00f3n y Operaci\u00f3n de PMGD (NTCO PMGD)"},"content":{"rendered":"<p class=\"qtranxs-available-languages-message qtranxs-available-languages-message-en\">Sorry, this entry is only available in <a href=\"https:\/\/www.cne.cl\/es\/wp-json\/wp\/v2\/pages\/58981\" class=\"qtranxs-available-language-link qtranxs-available-language-link-es\" title=\"Espa\u00f1ol\">European Spanish<\/a>.<\/p>","protected":false},"excerpt":{"rendered":"<p>Sorry, this entry is only available in European Spanish.<\/p>\n","protected":false},"author":61,"featured_media":58983,"parent":58781,"menu_order":0,"comment_status":"closed","ping_status":"closed","template":"entrada-prensa.php","meta":[],"_links":{"self":[{"href":"https:\/\/www.cne.cl\/en\/wp-json\/wp\/v2\/pages\/58981"}],"collection":[{"href":"https:\/\/www.cne.cl\/en\/wp-json\/wp\/v2\/pages"}],"about":[{"href":"https:\/\/www.cne.cl\/en\/wp-json\/wp\/v2\/types\/page"}],"author":[{"embeddable":true,"href":"https:\/\/www.cne.cl\/en\/wp-json\/wp\/v2\/users\/61"}],"replies":[{"embeddable":true,"href":"https:\/\/www.cne.cl\/en\/wp-json\/wp\/v2\/comments?post=58981"}],"version-history":[{"count":5,"href":"https:\/\/www.cne.cl\/en\/wp-json\/wp\/v2\/pages\/58981\/revisions"}],"predecessor-version":[{"id":59000,"href":"https:\/\/www.cne.cl\/en\/wp-json\/wp\/v2\/pages\/58981\/revisions\/59000"}],"up":[{"embeddable":true,"href":"https:\/\/www.cne.cl\/en\/wp-json\/wp\/v2\/pages\/58781"}],"wp:featuredmedia":[{"embeddable":true,"href":"https:\/\/www.cne.cl\/en\/wp-json\/wp\/v2\/media\/58983"}],"wp:attachment":[{"href":"https:\/\/www.cne.cl\/en\/wp-json\/wp\/v2\/media?parent=58981"}],"curies":[{"name":"wp","href":"https:\/\/api.w.org\/{rel}","templated":true}]}}