

{"id":58725,"date":"2026-01-30T13:05:33","date_gmt":"2026-01-30T16:05:33","guid":{"rendered":"https:\/\/www.cne.cl\/?page_id=58725"},"modified":"2026-03-04T11:39:36","modified_gmt":"2026-03-04T14:39:36","slug":"cne-convoca-a-presentar-propuestas-de-expansion-de-la-transmision-e-informes-de-distribucion-para-el-ano-2026","status":"publish","type":"page","link":"https:\/\/www.cne.cl\/en\/prensa\/prensa-2026\/01-enero-2026\/cne-convoca-a-presentar-propuestas-de-expansion-de-la-transmision-e-informes-de-distribucion-para-el-ano-2026\/","title":{"rendered":"(Espa\u00f1ol) CNE abre convocatoria a presentar propuestas de expansi\u00f3n de la transmisi\u00f3n e informes de distribuci\u00f3n para el a\u00f1o 2026"},"content":{"rendered":"<p class=\"qtranxs-available-languages-message qtranxs-available-languages-message-en\">Sorry, this entry is only available in <a href=\"https:\/\/www.cne.cl\/es\/wp-json\/wp\/v2\/pages\/58725\" class=\"qtranxs-available-language-link qtranxs-available-language-link-es\" title=\"Espa\u00f1ol\">European Spanish<\/a>.<\/p>","protected":false},"excerpt":{"rendered":"<p>Sorry, this entry is only available in European Spanish.<\/p>\n","protected":false},"author":61,"featured_media":58728,"parent":58453,"menu_order":0,"comment_status":"closed","ping_status":"closed","template":"entrada-prensa.php","meta":[],"_links":{"self":[{"href":"https:\/\/www.cne.cl\/en\/wp-json\/wp\/v2\/pages\/58725"}],"collection":[{"href":"https:\/\/www.cne.cl\/en\/wp-json\/wp\/v2\/pages"}],"about":[{"href":"https:\/\/www.cne.cl\/en\/wp-json\/wp\/v2\/types\/page"}],"author":[{"embeddable":true,"href":"https:\/\/www.cne.cl\/en\/wp-json\/wp\/v2\/users\/61"}],"replies":[{"embeddable":true,"href":"https:\/\/www.cne.cl\/en\/wp-json\/wp\/v2\/comments?post=58725"}],"version-history":[{"count":5,"href":"https:\/\/www.cne.cl\/en\/wp-json\/wp\/v2\/pages\/58725\/revisions"}],"predecessor-version":[{"id":59149,"href":"https:\/\/www.cne.cl\/en\/wp-json\/wp\/v2\/pages\/58725\/revisions\/59149"}],"up":[{"embeddable":true,"href":"https:\/\/www.cne.cl\/en\/wp-json\/wp\/v2\/pages\/58453"}],"wp:featuredmedia":[{"embeddable":true,"href":"https:\/\/www.cne.cl\/en\/wp-json\/wp\/v2\/media\/58728"}],"wp:attachment":[{"href":"https:\/\/www.cne.cl\/en\/wp-json\/wp\/v2\/media?parent=58725"}],"curies":[{"name":"wp","href":"https:\/\/api.w.org\/{rel}","templated":true}]}}