

{"id":58705,"date":"2026-01-29T09:44:00","date_gmt":"2026-01-29T12:44:13","guid":{"rendered":"https:\/\/www.cne.cl\/?page_id=58705"},"modified":"2026-03-04T11:39:03","modified_gmt":"2026-03-04T14:39:03","slug":"apertura-del-proceso-de-planificavion-y-tarificacion-de-los-ssmm-2026-2030","status":"publish","type":"page","link":"https:\/\/www.cne.cl\/en\/prensa\/prensa-2026\/01-enero-2026\/apertura-del-proceso-de-planificavion-y-tarificacion-de-los-ssmm-2026-2030\/","title":{"rendered":"(Espa\u00f1ol) Apertura del Proceso de Planificaci\u00f3n y Tarificaci\u00f3n de los SSMM 2026 \u2013 2030"},"content":{"rendered":"<p class=\"qtranxs-available-languages-message qtranxs-available-languages-message-en\">Sorry, this entry is only available in <a href=\"https:\/\/www.cne.cl\/es\/wp-json\/wp\/v2\/pages\/58705\" class=\"qtranxs-available-language-link qtranxs-available-language-link-es\" title=\"Espa\u00f1ol\">European Spanish<\/a>.<\/p>","protected":false},"excerpt":{"rendered":"<p>Sorry, this entry is only available in European Spanish.<\/p>\n","protected":false},"author":61,"featured_media":58707,"parent":58453,"menu_order":0,"comment_status":"closed","ping_status":"closed","template":"entrada-prensa.php","meta":[],"_links":{"self":[{"href":"https:\/\/www.cne.cl\/en\/wp-json\/wp\/v2\/pages\/58705"}],"collection":[{"href":"https:\/\/www.cne.cl\/en\/wp-json\/wp\/v2\/pages"}],"about":[{"href":"https:\/\/www.cne.cl\/en\/wp-json\/wp\/v2\/types\/page"}],"author":[{"embeddable":true,"href":"https:\/\/www.cne.cl\/en\/wp-json\/wp\/v2\/users\/61"}],"replies":[{"embeddable":true,"href":"https:\/\/www.cne.cl\/en\/wp-json\/wp\/v2\/comments?post=58705"}],"version-history":[{"count":3,"href":"https:\/\/www.cne.cl\/en\/wp-json\/wp\/v2\/pages\/58705\/revisions"}],"predecessor-version":[{"id":59148,"href":"https:\/\/www.cne.cl\/en\/wp-json\/wp\/v2\/pages\/58705\/revisions\/59148"}],"up":[{"embeddable":true,"href":"https:\/\/www.cne.cl\/en\/wp-json\/wp\/v2\/pages\/58453"}],"wp:featuredmedia":[{"embeddable":true,"href":"https:\/\/www.cne.cl\/en\/wp-json\/wp\/v2\/media\/58707"}],"wp:attachment":[{"href":"https:\/\/www.cne.cl\/en\/wp-json\/wp\/v2\/media?parent=58705"}],"curies":[{"name":"wp","href":"https:\/\/api.w.org\/{rel}","templated":true}]}}