

{"id":58684,"date":"2026-01-28T12:19:22","date_gmt":"2026-01-28T15:19:22","guid":{"rendered":"https:\/\/www.cne.cl\/?page_id=58684"},"modified":"2026-03-04T11:38:37","modified_gmt":"2026-03-04T14:38:37","slug":"se-aprueba-el-informe-tecnico-preliminar-del-plan-de-expansion-anual-de-la-transmision-2025","status":"publish","type":"page","link":"https:\/\/www.cne.cl\/en\/prensa\/prensa-2026\/01-enero-2026\/se-aprueba-el-informe-tecnico-preliminar-del-plan-de-expansion-anual-de-la-transmision-2025\/","title":{"rendered":"(Espa\u00f1ol) Aprobado el Informe T\u00e9cnico Preliminar del Plan de Expansi\u00f3n Anual de la Transmisi\u00f3n 2025"},"content":{"rendered":"<p class=\"qtranxs-available-languages-message qtranxs-available-languages-message-en\">Sorry, this entry is only available in <a href=\"https:\/\/www.cne.cl\/es\/wp-json\/wp\/v2\/pages\/58684\" class=\"qtranxs-available-language-link qtranxs-available-language-link-es\" title=\"Espa\u00f1ol\">European Spanish<\/a>.<\/p>","protected":false},"excerpt":{"rendered":"<p>Sorry, this entry is only available in European Spanish.<\/p>\n","protected":false},"author":61,"featured_media":58685,"parent":58453,"menu_order":0,"comment_status":"closed","ping_status":"closed","template":"entrada-prensa.php","meta":[],"_links":{"self":[{"href":"https:\/\/www.cne.cl\/en\/wp-json\/wp\/v2\/pages\/58684"}],"collection":[{"href":"https:\/\/www.cne.cl\/en\/wp-json\/wp\/v2\/pages"}],"about":[{"href":"https:\/\/www.cne.cl\/en\/wp-json\/wp\/v2\/types\/page"}],"author":[{"embeddable":true,"href":"https:\/\/www.cne.cl\/en\/wp-json\/wp\/v2\/users\/61"}],"replies":[{"embeddable":true,"href":"https:\/\/www.cne.cl\/en\/wp-json\/wp\/v2\/comments?post=58684"}],"version-history":[{"count":3,"href":"https:\/\/www.cne.cl\/en\/wp-json\/wp\/v2\/pages\/58684\/revisions"}],"predecessor-version":[{"id":59147,"href":"https:\/\/www.cne.cl\/en\/wp-json\/wp\/v2\/pages\/58684\/revisions\/59147"}],"up":[{"embeddable":true,"href":"https:\/\/www.cne.cl\/en\/wp-json\/wp\/v2\/pages\/58453"}],"wp:featuredmedia":[{"embeddable":true,"href":"https:\/\/www.cne.cl\/en\/wp-json\/wp\/v2\/media\/58685"}],"wp:attachment":[{"href":"https:\/\/www.cne.cl\/en\/wp-json\/wp\/v2\/media?parent=58684"}],"curies":[{"name":"wp","href":"https:\/\/api.w.org\/{rel}","templated":true}]}}