

{"id":58019,"date":"2025-07-09T14:00:58","date_gmt":"2025-07-09T18:00:58","guid":{"rendered":"https:\/\/www.cne.cl\/?page_id=58019"},"modified":"2025-12-16T13:03:09","modified_gmt":"2025-12-16T16:03:09","slug":"la-comision-nacional-de-energia-aprueba-revision-de-valores-de-inversion-para-proyectos-clave-de-transmision-electrica","status":"publish","type":"page","link":"https:\/\/www.cne.cl\/en\/prensa\/prensa-2025\/07-julio-2025\/la-comision-nacional-de-energia-aprueba-revision-de-valores-de-inversion-para-proyectos-clave-de-transmision-electrica\/","title":{"rendered":"(Espa\u00f1ol) La Comisi\u00f3n Nacional de Energ\u00eda aprueba revisi\u00f3n de valores de inversi\u00f3n para proyectos clave de transmisi\u00f3n el\u00e9ctrica."},"content":{"rendered":"<p class=\"qtranxs-available-languages-message qtranxs-available-languages-message-en\">Sorry, this entry is only available in <a href=\"https:\/\/www.cne.cl\/es\/wp-json\/wp\/v2\/pages\/58019\" class=\"qtranxs-available-language-link qtranxs-available-language-link-es\" title=\"Espa\u00f1ol\">European Spanish<\/a>.<\/p>","protected":false},"excerpt":{"rendered":"<p>Sorry, this entry is only available in European Spanish.<\/p>\n","protected":false},"author":61,"featured_media":56014,"parent":56003,"menu_order":0,"comment_status":"closed","ping_status":"closed","template":"entrada-prensa.php","meta":[],"_links":{"self":[{"href":"https:\/\/www.cne.cl\/en\/wp-json\/wp\/v2\/pages\/58019"}],"collection":[{"href":"https:\/\/www.cne.cl\/en\/wp-json\/wp\/v2\/pages"}],"about":[{"href":"https:\/\/www.cne.cl\/en\/wp-json\/wp\/v2\/types\/page"}],"author":[{"embeddable":true,"href":"https:\/\/www.cne.cl\/en\/wp-json\/wp\/v2\/users\/61"}],"replies":[{"embeddable":true,"href":"https:\/\/www.cne.cl\/en\/wp-json\/wp\/v2\/comments?post=58019"}],"version-history":[{"count":1,"href":"https:\/\/www.cne.cl\/en\/wp-json\/wp\/v2\/pages\/58019\/revisions"}],"predecessor-version":[{"id":58020,"href":"https:\/\/www.cne.cl\/en\/wp-json\/wp\/v2\/pages\/58019\/revisions\/58020"}],"up":[{"embeddable":true,"href":"https:\/\/www.cne.cl\/en\/wp-json\/wp\/v2\/pages\/56003"}],"wp:featuredmedia":[{"embeddable":true,"href":"https:\/\/www.cne.cl\/en\/wp-json\/wp\/v2\/media\/56014"}],"wp:attachment":[{"href":"https:\/\/www.cne.cl\/en\/wp-json\/wp\/v2\/media?parent=58019"}],"curies":[{"name":"wp","href":"https:\/\/api.w.org\/{rel}","templated":true}]}}