

{"id":57924,"date":"2025-12-11T15:50:11","date_gmt":"2025-12-11T18:50:11","guid":{"rendered":"https:\/\/www.cne.cl\/?page_id=57924"},"modified":"2026-02-04T15:19:31","modified_gmt":"2026-02-04T18:19:31","slug":"cne-adjudica-licitacion-de-suministro-2025-01-con-alta-participacion-y-oferta-economicamente-mas-conveniente","status":"publish","type":"page","link":"https:\/\/www.cne.cl\/en\/prensa\/prensa-2025\/12-diciembre-2025\/cne-adjudica-licitacion-de-suministro-2025-01-con-alta-participacion-y-oferta-economicamente-mas-conveniente\/","title":{"rendered":"(Espa\u00f1ol) CNE adjudica Licitaci\u00f3n de Suministro 2025\/01 con alta participaci\u00f3n y oferta econ\u00f3micamente m\u00e1s conveniente"},"content":{"rendered":"<p class=\"qtranxs-available-languages-message qtranxs-available-languages-message-en\">Sorry, this entry is only available in <a href=\"https:\/\/www.cne.cl\/es\/wp-json\/wp\/v2\/pages\/57924\" class=\"qtranxs-available-language-link qtranxs-available-language-link-es\" title=\"Espa\u00f1ol\">European Spanish<\/a>.<\/p>","protected":false},"excerpt":{"rendered":"<p>Sorry, this entry is only available in European Spanish.<\/p>\n","protected":false},"author":61,"featured_media":57926,"parent":57816,"menu_order":0,"comment_status":"closed","ping_status":"closed","template":"entrada-prensa.php","meta":[],"_links":{"self":[{"href":"https:\/\/www.cne.cl\/en\/wp-json\/wp\/v2\/pages\/57924"}],"collection":[{"href":"https:\/\/www.cne.cl\/en\/wp-json\/wp\/v2\/pages"}],"about":[{"href":"https:\/\/www.cne.cl\/en\/wp-json\/wp\/v2\/types\/page"}],"author":[{"embeddable":true,"href":"https:\/\/www.cne.cl\/en\/wp-json\/wp\/v2\/users\/61"}],"replies":[{"embeddable":true,"href":"https:\/\/www.cne.cl\/en\/wp-json\/wp\/v2\/comments?post=57924"}],"version-history":[{"count":3,"href":"https:\/\/www.cne.cl\/en\/wp-json\/wp\/v2\/pages\/57924\/revisions"}],"predecessor-version":[{"id":58809,"href":"https:\/\/www.cne.cl\/en\/wp-json\/wp\/v2\/pages\/57924\/revisions\/58809"}],"up":[{"embeddable":true,"href":"https:\/\/www.cne.cl\/en\/wp-json\/wp\/v2\/pages\/57816"}],"wp:featuredmedia":[{"embeddable":true,"href":"https:\/\/www.cne.cl\/en\/wp-json\/wp\/v2\/media\/57926"}],"wp:attachment":[{"href":"https:\/\/www.cne.cl\/en\/wp-json\/wp\/v2\/media?parent=57924"}],"curies":[{"name":"wp","href":"https:\/\/api.w.org\/{rel}","templated":true}]}}