

{"id":56473,"date":"2025-09-09T16:35:57","date_gmt":"2025-09-09T19:35:57","guid":{"rendered":"https:\/\/www.cne.cl\/?page_id=56473"},"modified":"2025-12-04T15:36:03","modified_gmt":"2025-12-04T18:36:03","slug":"participa-en-el-registro-ciudadano-de-expansion-de-la-transmision-y-de-obras-urgentes","status":"publish","type":"page","link":"https:\/\/www.cne.cl\/en\/prensa\/prensa-2025\/09-septiembre-2025\/participa-en-el-registro-ciudadano-de-expansion-de-la-transmision-y-de-obras-urgentes\/","title":{"rendered":"(Espa\u00f1ol) Participa en el Registro Ciudadano de Expansi\u00f3n de la Transmisi\u00f3n y de Obras Urgentes"},"content":{"rendered":"<p class=\"qtranxs-available-languages-message qtranxs-available-languages-message-en\">Sorry, this entry is only available in <a href=\"https:\/\/www.cne.cl\/es\/wp-json\/wp\/v2\/pages\/56473\" class=\"qtranxs-available-language-link qtranxs-available-language-link-es\" title=\"Espa\u00f1ol\">European Spanish<\/a>.<\/p>","protected":false},"excerpt":{"rendered":"<p>Sorry, this entry is only available in European Spanish.<\/p>\n","protected":false},"author":3,"featured_media":0,"parent":56465,"menu_order":0,"comment_status":"closed","ping_status":"closed","template":"entrada-prensa.php","meta":[],"_links":{"self":[{"href":"https:\/\/www.cne.cl\/en\/wp-json\/wp\/v2\/pages\/56473"}],"collection":[{"href":"https:\/\/www.cne.cl\/en\/wp-json\/wp\/v2\/pages"}],"about":[{"href":"https:\/\/www.cne.cl\/en\/wp-json\/wp\/v2\/types\/page"}],"author":[{"embeddable":true,"href":"https:\/\/www.cne.cl\/en\/wp-json\/wp\/v2\/users\/3"}],"replies":[{"embeddable":true,"href":"https:\/\/www.cne.cl\/en\/wp-json\/wp\/v2\/comments?post=56473"}],"version-history":[{"count":3,"href":"https:\/\/www.cne.cl\/en\/wp-json\/wp\/v2\/pages\/56473\/revisions"}],"predecessor-version":[{"id":57839,"href":"https:\/\/www.cne.cl\/en\/wp-json\/wp\/v2\/pages\/56473\/revisions\/57839"}],"up":[{"embeddable":true,"href":"https:\/\/www.cne.cl\/en\/wp-json\/wp\/v2\/pages\/56465"}],"wp:attachment":[{"href":"https:\/\/www.cne.cl\/en\/wp-json\/wp\/v2\/media?parent=56473"}],"curies":[{"name":"wp","href":"https:\/\/api.w.org\/{rel}","templated":true}]}}