

{"id":56005,"date":"2025-07-11T14:06:12","date_gmt":"2025-07-11T18:06:12","guid":{"rendered":"https:\/\/www.cne.cl\/?page_id=56005"},"modified":"2025-12-04T15:38:41","modified_gmt":"2025-12-04T18:38:41","slug":"cne-abre-consulta-publica-para-actualizar-norma-tecnica-de-seguridad-y-calidad-de-servicio-ntsycs-con-el-fin-de-fortalecer-la-robustez-del-sistema-electrico","status":"publish","type":"page","link":"https:\/\/www.cne.cl\/en\/prensa\/prensa-2025\/07-julio-2025\/cne-abre-consulta-publica-para-actualizar-norma-tecnica-de-seguridad-y-calidad-de-servicio-ntsycs-con-el-fin-de-fortalecer-la-robustez-del-sistema-electrico\/","title":{"rendered":"(Espa\u00f1ol) CNE abre consulta p\u00fablica para actualizar Norma T\u00e9cnica de Seguridad y Calidad de Servicio (NTSyCS) con el fin de fortalecer la robustez del sistema el\u00e9ctrico"},"content":{"rendered":"<p class=\"qtranxs-available-languages-message qtranxs-available-languages-message-en\">Sorry, this entry is only available in <a href=\"https:\/\/www.cne.cl\/es\/wp-json\/wp\/v2\/pages\/56005\" class=\"qtranxs-available-language-link qtranxs-available-language-link-es\" title=\"Espa\u00f1ol\">European Spanish<\/a>.<\/p>","protected":false},"excerpt":{"rendered":"<p>Sorry, this entry is only available in European Spanish.<\/p>\n","protected":false},"author":3,"featured_media":56006,"parent":56003,"menu_order":0,"comment_status":"closed","ping_status":"closed","template":"entrada-prensa.php","meta":[],"_links":{"self":[{"href":"https:\/\/www.cne.cl\/en\/wp-json\/wp\/v2\/pages\/56005"}],"collection":[{"href":"https:\/\/www.cne.cl\/en\/wp-json\/wp\/v2\/pages"}],"about":[{"href":"https:\/\/www.cne.cl\/en\/wp-json\/wp\/v2\/types\/page"}],"author":[{"embeddable":true,"href":"https:\/\/www.cne.cl\/en\/wp-json\/wp\/v2\/users\/3"}],"replies":[{"embeddable":true,"href":"https:\/\/www.cne.cl\/en\/wp-json\/wp\/v2\/comments?post=56005"}],"version-history":[{"count":4,"href":"https:\/\/www.cne.cl\/en\/wp-json\/wp\/v2\/pages\/56005\/revisions"}],"predecessor-version":[{"id":57841,"href":"https:\/\/www.cne.cl\/en\/wp-json\/wp\/v2\/pages\/56005\/revisions\/57841"}],"up":[{"embeddable":true,"href":"https:\/\/www.cne.cl\/en\/wp-json\/wp\/v2\/pages\/56003"}],"wp:featuredmedia":[{"embeddable":true,"href":"https:\/\/www.cne.cl\/en\/wp-json\/wp\/v2\/media\/56006"}],"wp:attachment":[{"href":"https:\/\/www.cne.cl\/en\/wp-json\/wp\/v2\/media?parent=56005"}],"curies":[{"name":"wp","href":"https:\/\/api.w.org\/{rel}","templated":true}]}}