

{"id":55263,"date":"2025-05-05T15:39:17","date_gmt":"2025-05-05T19:39:17","guid":{"rendered":"https:\/\/www.cne.cl\/?page_id=55263"},"modified":"2025-12-04T15:41:42","modified_gmt":"2025-12-04T18:41:42","slug":"cne-aprueba-bases-definitivas-de-licitacion-de-suministro-electrico-para-clientes-regulados","status":"publish","type":"page","link":"https:\/\/www.cne.cl\/en\/prensa\/prensa-2025\/05-mayo-2025\/cne-aprueba-bases-definitivas-de-licitacion-de-suministro-electrico-para-clientes-regulados\/","title":{"rendered":"(Espa\u00f1ol) CNE aprueba bases definitivas de licitaci\u00f3n de suministro el\u00e9ctrico para clientes regulados"},"content":{"rendered":"<p class=\"qtranxs-available-languages-message qtranxs-available-languages-message-en\">Sorry, this entry is only available in <a href=\"https:\/\/www.cne.cl\/es\/wp-json\/wp\/v2\/pages\/55263\" class=\"qtranxs-available-language-link qtranxs-available-language-link-es\" title=\"Espa\u00f1ol\">European Spanish<\/a>.<\/p>","protected":false},"excerpt":{"rendered":"<p>Sorry, this entry is only available in European Spanish.<\/p>\n","protected":false},"author":3,"featured_media":54849,"parent":55265,"menu_order":0,"comment_status":"closed","ping_status":"closed","template":"entrada-prensa.php","meta":[],"_links":{"self":[{"href":"https:\/\/www.cne.cl\/en\/wp-json\/wp\/v2\/pages\/55263"}],"collection":[{"href":"https:\/\/www.cne.cl\/en\/wp-json\/wp\/v2\/pages"}],"about":[{"href":"https:\/\/www.cne.cl\/en\/wp-json\/wp\/v2\/types\/page"}],"author":[{"embeddable":true,"href":"https:\/\/www.cne.cl\/en\/wp-json\/wp\/v2\/users\/3"}],"replies":[{"embeddable":true,"href":"https:\/\/www.cne.cl\/en\/wp-json\/wp\/v2\/comments?post=55263"}],"version-history":[{"count":4,"href":"https:\/\/www.cne.cl\/en\/wp-json\/wp\/v2\/pages\/55263\/revisions"}],"predecessor-version":[{"id":57843,"href":"https:\/\/www.cne.cl\/en\/wp-json\/wp\/v2\/pages\/55263\/revisions\/57843"}],"up":[{"embeddable":true,"href":"https:\/\/www.cne.cl\/en\/wp-json\/wp\/v2\/pages\/55265"}],"wp:featuredmedia":[{"embeddable":true,"href":"https:\/\/www.cne.cl\/en\/wp-json\/wp\/v2\/media\/54849"}],"wp:attachment":[{"href":"https:\/\/www.cne.cl\/en\/wp-json\/wp\/v2\/media?parent=55263"}],"curies":[{"name":"wp","href":"https:\/\/api.w.org\/{rel}","templated":true}]}}