

{"id":55012,"date":"2025-04-03T07:43:52","date_gmt":"2025-04-03T10:43:52","guid":{"rendered":"https:\/\/www.cne.cl\/?page_id=55012"},"modified":"2025-12-16T15:20:21","modified_gmt":"2025-12-16T18:20:21","slug":"comision-nacional-de-energia-publico-capitulo-de-programacion-de-la-operacion-de-la-norma-de-coordinacion-y-operacion-del-sen","status":"publish","type":"page","link":"https:\/\/www.cne.cl\/en\/prensa\/prensa-2025\/04-abril-2025\/comision-nacional-de-energia-publico-capitulo-de-programacion-de-la-operacion-de-la-norma-de-coordinacion-y-operacion-del-sen\/","title":{"rendered":"(Espa\u00f1ol) Comisi\u00f3n Nacional de Energ\u00eda public\u00f3 Cap\u00edtulo de Programaci\u00f3n de la Operaci\u00f3n de la Norma de Coordinaci\u00f3n y Operaci\u00f3n del SEN"},"content":{"rendered":"<p class=\"qtranxs-available-languages-message qtranxs-available-languages-message-en\">Sorry, this entry is only available in <a href=\"https:\/\/www.cne.cl\/es\/wp-json\/wp\/v2\/pages\/55012\" class=\"qtranxs-available-language-link qtranxs-available-language-link-es\" title=\"Espa\u00f1ol\">European Spanish<\/a>.<\/p>","protected":false},"excerpt":{"rendered":"<p>Sorry, this entry is only available in European Spanish.<\/p>\n","protected":false},"author":4,"featured_media":29941,"parent":54976,"menu_order":0,"comment_status":"closed","ping_status":"closed","template":"entrada-prensa.php","meta":[],"_links":{"self":[{"href":"https:\/\/www.cne.cl\/en\/wp-json\/wp\/v2\/pages\/55012"}],"collection":[{"href":"https:\/\/www.cne.cl\/en\/wp-json\/wp\/v2\/pages"}],"about":[{"href":"https:\/\/www.cne.cl\/en\/wp-json\/wp\/v2\/types\/page"}],"author":[{"embeddable":true,"href":"https:\/\/www.cne.cl\/en\/wp-json\/wp\/v2\/users\/4"}],"replies":[{"embeddable":true,"href":"https:\/\/www.cne.cl\/en\/wp-json\/wp\/v2\/comments?post=55012"}],"version-history":[{"count":5,"href":"https:\/\/www.cne.cl\/en\/wp-json\/wp\/v2\/pages\/55012\/revisions"}],"predecessor-version":[{"id":58196,"href":"https:\/\/www.cne.cl\/en\/wp-json\/wp\/v2\/pages\/55012\/revisions\/58196"}],"up":[{"embeddable":true,"href":"https:\/\/www.cne.cl\/en\/wp-json\/wp\/v2\/pages\/54976"}],"wp:featuredmedia":[{"embeddable":true,"href":"https:\/\/www.cne.cl\/en\/wp-json\/wp\/v2\/media\/29941"}],"wp:attachment":[{"href":"https:\/\/www.cne.cl\/en\/wp-json\/wp\/v2\/media?parent=55012"}],"curies":[{"name":"wp","href":"https:\/\/api.w.org\/{rel}","templated":true}]}}