

{"id":54270,"date":"2025-01-30T15:45:54","date_gmt":"2025-01-30T18:45:54","guid":{"rendered":"https:\/\/www.cne.cl\/?page_id=54270"},"modified":"2025-12-16T15:16:25","modified_gmt":"2025-12-16T18:16:25","slug":"comision-nacional-de-energia-publico-anexo-tecnico-de-requisitos-sismicos-para-instalaciones-electricas-de-alta-tension","status":"publish","type":"page","link":"https:\/\/www.cne.cl\/en\/prensa\/prensa-2025\/01-enero-2025\/comision-nacional-de-energia-publico-anexo-tecnico-de-requisitos-sismicos-para-instalaciones-electricas-de-alta-tension\/","title":{"rendered":"(Espa\u00f1ol) Comisi\u00f3n Nacional de Energ\u00eda public\u00f3 Anexo T\u00e9cnico de Requisitos S\u00edsmicos para Instalaciones El\u00e9ctricas de Alta Tensi\u00f3n"},"content":{"rendered":"<p class=\"qtranxs-available-languages-message qtranxs-available-languages-message-en\">Sorry, this entry is only available in <a href=\"https:\/\/www.cne.cl\/es\/wp-json\/wp\/v2\/pages\/54270\" class=\"qtranxs-available-language-link qtranxs-available-language-link-es\" title=\"Espa\u00f1ol\">European Spanish<\/a>.<\/p>","protected":false},"excerpt":{"rendered":"<p>Sorry, this entry is only available in European Spanish.<\/p>\n","protected":false},"author":3,"featured_media":58185,"parent":53886,"menu_order":0,"comment_status":"closed","ping_status":"closed","template":"entrada-prensa.php","meta":[],"_links":{"self":[{"href":"https:\/\/www.cne.cl\/en\/wp-json\/wp\/v2\/pages\/54270"}],"collection":[{"href":"https:\/\/www.cne.cl\/en\/wp-json\/wp\/v2\/pages"}],"about":[{"href":"https:\/\/www.cne.cl\/en\/wp-json\/wp\/v2\/types\/page"}],"author":[{"embeddable":true,"href":"https:\/\/www.cne.cl\/en\/wp-json\/wp\/v2\/users\/3"}],"replies":[{"embeddable":true,"href":"https:\/\/www.cne.cl\/en\/wp-json\/wp\/v2\/comments?post=54270"}],"version-history":[{"count":4,"href":"https:\/\/www.cne.cl\/en\/wp-json\/wp\/v2\/pages\/54270\/revisions"}],"predecessor-version":[{"id":58186,"href":"https:\/\/www.cne.cl\/en\/wp-json\/wp\/v2\/pages\/54270\/revisions\/58186"}],"up":[{"embeddable":true,"href":"https:\/\/www.cne.cl\/en\/wp-json\/wp\/v2\/pages\/53886"}],"wp:featuredmedia":[{"embeddable":true,"href":"https:\/\/www.cne.cl\/en\/wp-json\/wp\/v2\/media\/58185"}],"wp:attachment":[{"href":"https:\/\/www.cne.cl\/en\/wp-json\/wp\/v2\/media?parent=54270"}],"curies":[{"name":"wp","href":"https:\/\/api.w.org\/{rel}","templated":true}]}}