

{"id":53889,"date":"2025-01-15T12:43:51","date_gmt":"2025-01-15T15:43:51","guid":{"rendered":"https:\/\/www.cne.cl\/?page_id=53889"},"modified":"2025-05-06T10:21:17","modified_gmt":"2025-05-06T14:21:17","slug":"nueva-ley-de-transicion-energetica-cne-detallo-principales-aspectos-de-las-resoluciones-reglamentarias-a-la-industria-electrica","status":"publish","type":"page","link":"https:\/\/www.cne.cl\/en\/prensa\/prensa-2025\/01-enero-2025\/nueva-ley-de-transicion-energetica-cne-detallo-principales-aspectos-de-las-resoluciones-reglamentarias-a-la-industria-electrica\/","title":{"rendered":"(Espa\u00f1ol) Nueva Ley de Transici\u00f3n Energ\u00e9tica: CNE detall\u00f3 principales aspectos de las resoluciones reglamentarias a la industria el\u00e9ctrica"},"content":{"rendered":"<p class=\"qtranxs-available-languages-message qtranxs-available-languages-message-en\">Sorry, this entry is only available in <a href=\"https:\/\/www.cne.cl\/es\/wp-json\/wp\/v2\/pages\/53889\" class=\"qtranxs-available-language-link qtranxs-available-language-link-es\" title=\"Espa\u00f1ol\">European Spanish<\/a>.<\/p>","protected":false},"excerpt":{"rendered":"<p>Sorry, this entry is only available in European Spanish.<\/p>\n","protected":false},"author":3,"featured_media":53890,"parent":53886,"menu_order":0,"comment_status":"closed","ping_status":"closed","template":"entrada-prensa.php","meta":[],"_links":{"self":[{"href":"https:\/\/www.cne.cl\/en\/wp-json\/wp\/v2\/pages\/53889"}],"collection":[{"href":"https:\/\/www.cne.cl\/en\/wp-json\/wp\/v2\/pages"}],"about":[{"href":"https:\/\/www.cne.cl\/en\/wp-json\/wp\/v2\/types\/page"}],"author":[{"embeddable":true,"href":"https:\/\/www.cne.cl\/en\/wp-json\/wp\/v2\/users\/3"}],"replies":[{"embeddable":true,"href":"https:\/\/www.cne.cl\/en\/wp-json\/wp\/v2\/comments?post=53889"}],"version-history":[{"count":2,"href":"https:\/\/www.cne.cl\/en\/wp-json\/wp\/v2\/pages\/53889\/revisions"}],"predecessor-version":[{"id":55289,"href":"https:\/\/www.cne.cl\/en\/wp-json\/wp\/v2\/pages\/53889\/revisions\/55289"}],"up":[{"embeddable":true,"href":"https:\/\/www.cne.cl\/en\/wp-json\/wp\/v2\/pages\/53886"}],"wp:featuredmedia":[{"embeddable":true,"href":"https:\/\/www.cne.cl\/en\/wp-json\/wp\/v2\/media\/53890"}],"wp:attachment":[{"href":"https:\/\/www.cne.cl\/en\/wp-json\/wp\/v2\/media?parent=53889"}],"curies":[{"name":"wp","href":"https:\/\/api.w.org\/{rel}","templated":true}]}}