

{"id":53658,"date":"2024-12-23T10:44:03","date_gmt":"2024-12-23T13:44:03","guid":{"rendered":"https:\/\/www.cne.cl\/prensa\/prensa-2024\/diciembre\/cne-emite-informe-tecnico-preliminar-del-plan-de-expansion-de-la-transmision-2024\/"},"modified":"2025-04-01T16:13:52","modified_gmt":"2025-04-01T19:13:52","slug":"cne-emite-informe-tecnico-preliminar-del-plan-de-expansion-de-la-transmision-2024","status":"publish","type":"page","link":"https:\/\/www.cne.cl\/en\/prensa\/prensa-2024\/diciembre\/cne-emite-informe-tecnico-preliminar-del-plan-de-expansion-de-la-transmision-2024\/","title":{"rendered":"CNE emite Informe T\u00e9cnico Preliminar del Plan de Expansi\u00f3n de la Transmisi\u00f3n 2024"},"content":{"rendered":"<p class=\"qtranxs-available-languages-message qtranxs-available-languages-message-en\">Sorry, this entry is only available in <a href=\"https:\/\/www.cne.cl\/es\/wp-json\/wp\/v2\/pages\/53658\" class=\"qtranxs-available-language-link qtranxs-available-language-link-es\" title=\"Espa\u00f1ol\">European Spanish<\/a>.<\/p>","protected":false},"excerpt":{"rendered":"<p>Sorry, this entry is only available in European Spanish.<\/p>\n","protected":false},"author":2,"featured_media":53664,"parent":53600,"menu_order":1,"comment_status":"closed","ping_status":"closed","template":"entrada-prensa.php","meta":[],"_links":{"self":[{"href":"https:\/\/www.cne.cl\/en\/wp-json\/wp\/v2\/pages\/53658"}],"collection":[{"href":"https:\/\/www.cne.cl\/en\/wp-json\/wp\/v2\/pages"}],"about":[{"href":"https:\/\/www.cne.cl\/en\/wp-json\/wp\/v2\/types\/page"}],"author":[{"embeddable":true,"href":"https:\/\/www.cne.cl\/en\/wp-json\/wp\/v2\/users\/2"}],"replies":[{"embeddable":true,"href":"https:\/\/www.cne.cl\/en\/wp-json\/wp\/v2\/comments?post=53658"}],"version-history":[{"count":3,"href":"https:\/\/www.cne.cl\/en\/wp-json\/wp\/v2\/pages\/53658\/revisions"}],"predecessor-version":[{"id":54974,"href":"https:\/\/www.cne.cl\/en\/wp-json\/wp\/v2\/pages\/53658\/revisions\/54974"}],"up":[{"embeddable":true,"href":"https:\/\/www.cne.cl\/en\/wp-json\/wp\/v2\/pages\/53600"}],"wp:featuredmedia":[{"embeddable":true,"href":"https:\/\/www.cne.cl\/en\/wp-json\/wp\/v2\/media\/53664"}],"wp:attachment":[{"href":"https:\/\/www.cne.cl\/en\/wp-json\/wp\/v2\/media?parent=53658"}],"curies":[{"name":"wp","href":"https:\/\/api.w.org\/{rel}","templated":true}]}}