

{"id":53450,"date":"2024-11-29T10:35:52","date_gmt":"2024-11-29T13:35:52","guid":{"rendered":"https:\/\/www.cne.cl\/?page_id=53450"},"modified":"2025-05-06T10:23:13","modified_gmt":"2025-05-06T14:23:13","slug":"jornada-regulatoria-2024-de-la-cne-abordo-los-avances-en-dos-normas-tecnicas-y-mostro-aspectos-metodologicos-del-mercado-de-potencia","status":"publish","type":"page","link":"https:\/\/www.cne.cl\/en\/prensa\/prensa-2024\/11-noviembre-2024\/jornada-regulatoria-2024-de-la-cne-abordo-los-avances-en-dos-normas-tecnicas-y-mostro-aspectos-metodologicos-del-mercado-de-potencia\/","title":{"rendered":"(Espa\u00f1ol) Jornada Regulatoria 2024 de la CNE abord\u00f3 los avances en dos Normas T\u00e9cnicas y mostr\u00f3 aspectos metodol\u00f3gicos del Mercado de Potencia"},"content":{"rendered":"<p class=\"qtranxs-available-languages-message qtranxs-available-languages-message-en\">Sorry, this entry is only available in <a href=\"https:\/\/www.cne.cl\/es\/wp-json\/wp\/v2\/pages\/53450\" class=\"qtranxs-available-language-link qtranxs-available-language-link-es\" title=\"Espa\u00f1ol\">European Spanish<\/a>.<\/p>","protected":false},"excerpt":{"rendered":"<p>Sorry, this entry is only available in European Spanish.<\/p>\n","protected":false},"author":3,"featured_media":0,"parent":53194,"menu_order":0,"comment_status":"closed","ping_status":"closed","template":"entrada-prensa.php","meta":[],"_links":{"self":[{"href":"https:\/\/www.cne.cl\/en\/wp-json\/wp\/v2\/pages\/53450"}],"collection":[{"href":"https:\/\/www.cne.cl\/en\/wp-json\/wp\/v2\/pages"}],"about":[{"href":"https:\/\/www.cne.cl\/en\/wp-json\/wp\/v2\/types\/page"}],"author":[{"embeddable":true,"href":"https:\/\/www.cne.cl\/en\/wp-json\/wp\/v2\/users\/3"}],"replies":[{"embeddable":true,"href":"https:\/\/www.cne.cl\/en\/wp-json\/wp\/v2\/comments?post=53450"}],"version-history":[{"count":5,"href":"https:\/\/www.cne.cl\/en\/wp-json\/wp\/v2\/pages\/53450\/revisions"}],"predecessor-version":[{"id":55293,"href":"https:\/\/www.cne.cl\/en\/wp-json\/wp\/v2\/pages\/53450\/revisions\/55293"}],"up":[{"embeddable":true,"href":"https:\/\/www.cne.cl\/en\/wp-json\/wp\/v2\/pages\/53194"}],"wp:attachment":[{"href":"https:\/\/www.cne.cl\/en\/wp-json\/wp\/v2\/media?parent=53450"}],"curies":[{"name":"wp","href":"https:\/\/api.w.org\/{rel}","templated":true}]}}