

{"id":53140,"date":"2024-10-28T16:34:47","date_gmt":"2024-10-28T19:34:47","guid":{"rendered":"https:\/\/www.cne.cl\/?page_id=53140"},"modified":"2025-05-06T10:27:27","modified_gmt":"2025-05-06T14:27:27","slug":"valorizacion-de-las-instalaciones-de-los-sistemas-de-transmision-2024-2027-cne-abre-convocatoria-a-inscribirse-en-registro-de-participacion-ciudadana","status":"publish","type":"page","link":"https:\/\/www.cne.cl\/en\/prensa\/prensa-2024\/4-octubre-2024\/valorizacion-de-las-instalaciones-de-los-sistemas-de-transmision-2024-2027-cne-abre-convocatoria-a-inscribirse-en-registro-de-participacion-ciudadana\/","title":{"rendered":"(Espa\u00f1ol) Valorizaci\u00f3n de las Instalaciones de los Sistemas de Transmisi\u00f3n 2024-2027: CNE abre convocatoria a inscribirse en registro de participaci\u00f3n ciudadana"},"content":{"rendered":"<p class=\"qtranxs-available-languages-message qtranxs-available-languages-message-en\">Sorry, this entry is only available in <a href=\"https:\/\/www.cne.cl\/es\/wp-json\/wp\/v2\/pages\/53140\" class=\"qtranxs-available-language-link qtranxs-available-language-link-es\" title=\"Espa\u00f1ol\">European Spanish<\/a>.<\/p>","protected":false},"excerpt":{"rendered":"<p>Sorry, this entry is only available in European Spanish.<\/p>\n","protected":false},"author":3,"featured_media":0,"parent":52972,"menu_order":0,"comment_status":"closed","ping_status":"closed","template":"entrada-prensa.php","meta":[],"_links":{"self":[{"href":"https:\/\/www.cne.cl\/en\/wp-json\/wp\/v2\/pages\/53140"}],"collection":[{"href":"https:\/\/www.cne.cl\/en\/wp-json\/wp\/v2\/pages"}],"about":[{"href":"https:\/\/www.cne.cl\/en\/wp-json\/wp\/v2\/types\/page"}],"author":[{"embeddable":true,"href":"https:\/\/www.cne.cl\/en\/wp-json\/wp\/v2\/users\/3"}],"replies":[{"embeddable":true,"href":"https:\/\/www.cne.cl\/en\/wp-json\/wp\/v2\/comments?post=53140"}],"version-history":[{"count":4,"href":"https:\/\/www.cne.cl\/en\/wp-json\/wp\/v2\/pages\/53140\/revisions"}],"predecessor-version":[{"id":55295,"href":"https:\/\/www.cne.cl\/en\/wp-json\/wp\/v2\/pages\/53140\/revisions\/55295"}],"up":[{"embeddable":true,"href":"https:\/\/www.cne.cl\/en\/wp-json\/wp\/v2\/pages\/52972"}],"wp:attachment":[{"href":"https:\/\/www.cne.cl\/en\/wp-json\/wp\/v2\/media?parent=53140"}],"curies":[{"name":"wp","href":"https:\/\/api.w.org\/{rel}","templated":true}]}}