

{"id":53107,"date":"2024-10-23T10:02:31","date_gmt":"2024-10-23T13:02:31","guid":{"rendered":"https:\/\/www.cne.cl\/?page_id=53107"},"modified":"2025-05-06T10:29:50","modified_gmt":"2025-05-06T14:29:50","slug":"cne-plan-de-expansion-de-la-transmision-2023-contempla-45-obras-con-una-inversion-total-de-us389-millones","status":"publish","type":"page","link":"https:\/\/www.cne.cl\/en\/prensa\/prensa-2024\/4-octubre-2024\/cne-plan-de-expansion-de-la-transmision-2023-contempla-45-obras-con-una-inversion-total-de-us389-millones\/","title":{"rendered":"(Espa\u00f1ol) CNE: Plan de Expansi\u00f3n de la Transmisi\u00f3n 2023 contempla 45 obras, con una inversi\u00f3n total de US$389 millones"},"content":{"rendered":"<p class=\"qtranxs-available-languages-message qtranxs-available-languages-message-en\">Sorry, this entry is only available in <a href=\"https:\/\/www.cne.cl\/es\/wp-json\/wp\/v2\/pages\/53107\" class=\"qtranxs-available-language-link qtranxs-available-language-link-es\" title=\"Espa\u00f1ol\">European Spanish<\/a>.<\/p>","protected":false},"excerpt":{"rendered":"<p>Sorry, this entry is only available in European Spanish.<\/p>\n","protected":false},"author":3,"featured_media":0,"parent":52972,"menu_order":0,"comment_status":"closed","ping_status":"closed","template":"entrada-prensa.php","meta":[],"_links":{"self":[{"href":"https:\/\/www.cne.cl\/en\/wp-json\/wp\/v2\/pages\/53107"}],"collection":[{"href":"https:\/\/www.cne.cl\/en\/wp-json\/wp\/v2\/pages"}],"about":[{"href":"https:\/\/www.cne.cl\/en\/wp-json\/wp\/v2\/types\/page"}],"author":[{"embeddable":true,"href":"https:\/\/www.cne.cl\/en\/wp-json\/wp\/v2\/users\/3"}],"replies":[{"embeddable":true,"href":"https:\/\/www.cne.cl\/en\/wp-json\/wp\/v2\/comments?post=53107"}],"version-history":[{"count":5,"href":"https:\/\/www.cne.cl\/en\/wp-json\/wp\/v2\/pages\/53107\/revisions"}],"predecessor-version":[{"id":55302,"href":"https:\/\/www.cne.cl\/en\/wp-json\/wp\/v2\/pages\/53107\/revisions\/55302"}],"up":[{"embeddable":true,"href":"https:\/\/www.cne.cl\/en\/wp-json\/wp\/v2\/pages\/52972"}],"wp:attachment":[{"href":"https:\/\/www.cne.cl\/en\/wp-json\/wp\/v2\/media?parent=53107"}],"curies":[{"name":"wp","href":"https:\/\/api.w.org\/{rel}","templated":true}]}}