

{"id":52654,"date":"2024-08-23T15:32:12","date_gmt":"2024-08-23T19:32:12","guid":{"rendered":"https:\/\/www.cne.cl\/?page_id=52654"},"modified":"2024-11-07T12:01:32","modified_gmt":"2024-11-07T15:01:32","slug":"webinar-cne-experiencias-y-desafios-de-mujeres-destacadas-del-sector-energetico-conto-con-mas-de-90-participantes","status":"publish","type":"page","link":"https:\/\/www.cne.cl\/en\/prensa\/prensa-2024\/8-agaosto-2024\/webinar-cne-experiencias-y-desafios-de-mujeres-destacadas-del-sector-energetico-conto-con-mas-de-90-participantes\/","title":{"rendered":"(Espa\u00f1ol) Webinar CNE &#8220;Experiencias y desaf\u00edos de mujeres destacadas del sector energ\u00e9tico&#8221; cont\u00f3 con m\u00e1s de 90 participantes"},"content":{"rendered":"<p class=\"qtranxs-available-languages-message qtranxs-available-languages-message-en\">Sorry, this entry is only available in <a href=\"https:\/\/www.cne.cl\/es\/wp-json\/wp\/v2\/pages\/52654\" class=\"qtranxs-available-language-link qtranxs-available-language-link-es\" title=\"Espa\u00f1ol\">European Spanish<\/a>.<\/p>","protected":false},"excerpt":{"rendered":"<p>Sorry, this entry is only available in European Spanish.<\/p>\n","protected":false},"author":3,"featured_media":0,"parent":52615,"menu_order":0,"comment_status":"closed","ping_status":"closed","template":"entrada-prensa.php","meta":[],"_links":{"self":[{"href":"https:\/\/www.cne.cl\/en\/wp-json\/wp\/v2\/pages\/52654"}],"collection":[{"href":"https:\/\/www.cne.cl\/en\/wp-json\/wp\/v2\/pages"}],"about":[{"href":"https:\/\/www.cne.cl\/en\/wp-json\/wp\/v2\/types\/page"}],"author":[{"embeddable":true,"href":"https:\/\/www.cne.cl\/en\/wp-json\/wp\/v2\/users\/3"}],"replies":[{"embeddable":true,"href":"https:\/\/www.cne.cl\/en\/wp-json\/wp\/v2\/comments?post=52654"}],"version-history":[{"count":3,"href":"https:\/\/www.cne.cl\/en\/wp-json\/wp\/v2\/pages\/52654\/revisions"}],"predecessor-version":[{"id":53264,"href":"https:\/\/www.cne.cl\/en\/wp-json\/wp\/v2\/pages\/52654\/revisions\/53264"}],"up":[{"embeddable":true,"href":"https:\/\/www.cne.cl\/en\/wp-json\/wp\/v2\/pages\/52615"}],"wp:attachment":[{"href":"https:\/\/www.cne.cl\/en\/wp-json\/wp\/v2\/media?parent=52654"}],"curies":[{"name":"wp","href":"https:\/\/api.w.org\/{rel}","templated":true}]}}