

{"id":52640,"date":"2024-08-20T18:33:09","date_gmt":"2024-08-20T22:33:09","guid":{"rendered":"https:\/\/www.cne.cl\/?page_id=52640"},"modified":"2024-11-07T12:02:55","modified_gmt":"2024-11-07T15:02:55","slug":"entraron-en-vigencia-las-nuevas-tarifas-para-la-distribucion-de-gas-para-la-region-magallanes-que-implicara-baja-promedio-de-3-en-la-cuenta-del-servicio","status":"publish","type":"page","link":"https:\/\/www.cne.cl\/en\/prensa\/prensa-2024\/8-agaosto-2024\/entraron-en-vigencia-las-nuevas-tarifas-para-la-distribucion-de-gas-para-la-region-magallanes-que-implicara-baja-promedio-de-3-en-la-cuenta-del-servicio\/","title":{"rendered":"(Espa\u00f1ol) Entraron en vigencia las nuevas tarifas para la distribuci\u00f3n de gas para la regi\u00f3n Magallanes que implicar\u00e1 baja promedio de 3% en la cuenta del servicio"},"content":{"rendered":"<p class=\"qtranxs-available-languages-message qtranxs-available-languages-message-en\">Sorry, this entry is only available in <a href=\"https:\/\/www.cne.cl\/es\/wp-json\/wp\/v2\/pages\/52640\" class=\"qtranxs-available-language-link qtranxs-available-language-link-es\" title=\"Espa\u00f1ol\">European Spanish<\/a>.<\/p>","protected":false},"excerpt":{"rendered":"<p>Sorry, this entry is only available in European Spanish.<\/p>\n","protected":false},"author":3,"featured_media":0,"parent":52615,"menu_order":0,"comment_status":"closed","ping_status":"closed","template":"entrada-prensa.php","meta":[],"_links":{"self":[{"href":"https:\/\/www.cne.cl\/en\/wp-json\/wp\/v2\/pages\/52640"}],"collection":[{"href":"https:\/\/www.cne.cl\/en\/wp-json\/wp\/v2\/pages"}],"about":[{"href":"https:\/\/www.cne.cl\/en\/wp-json\/wp\/v2\/types\/page"}],"author":[{"embeddable":true,"href":"https:\/\/www.cne.cl\/en\/wp-json\/wp\/v2\/users\/3"}],"replies":[{"embeddable":true,"href":"https:\/\/www.cne.cl\/en\/wp-json\/wp\/v2\/comments?post=52640"}],"version-history":[{"count":3,"href":"https:\/\/www.cne.cl\/en\/wp-json\/wp\/v2\/pages\/52640\/revisions"}],"predecessor-version":[{"id":53266,"href":"https:\/\/www.cne.cl\/en\/wp-json\/wp\/v2\/pages\/52640\/revisions\/53266"}],"up":[{"embeddable":true,"href":"https:\/\/www.cne.cl\/en\/wp-json\/wp\/v2\/pages\/52615"}],"wp:attachment":[{"href":"https:\/\/www.cne.cl\/en\/wp-json\/wp\/v2\/media?parent=52640"}],"curies":[{"name":"wp","href":"https:\/\/api.w.org\/{rel}","templated":true}]}}