

{"id":52629,"date":"2024-08-20T09:53:12","date_gmt":"2024-08-20T13:53:12","guid":{"rendered":"https:\/\/www.cne.cl\/?page_id=52629"},"modified":"2024-10-11T09:58:17","modified_gmt":"2024-10-11T12:58:17","slug":"cne-abrio-convocatoria-para-inscripcion-o-actualizacion-de-datos-en-registro-de-participacion-ciudadana-por-proceso-de-valorizacion-de-instalaciones-de-transmision-2024-2027","status":"publish","type":"page","link":"https:\/\/www.cne.cl\/en\/prensa\/prensa-2024\/8-agaosto-2024\/cne-abrio-convocatoria-para-inscripcion-o-actualizacion-de-datos-en-registro-de-participacion-ciudadana-por-proceso-de-valorizacion-de-instalaciones-de-transmision-2024-2027\/","title":{"rendered":"(Espa\u00f1ol) CNE abri\u00f3 convocatoria para inscripci\u00f3n o actualizaci\u00f3n de datos en registro de participaci\u00f3n ciudadana por proceso de valorizaci\u00f3n de instalaciones de transmisi\u00f3n 2024-2027"},"content":{"rendered":"<p class=\"qtranxs-available-languages-message qtranxs-available-languages-message-en\">Sorry, this entry is only available in <a href=\"https:\/\/www.cne.cl\/es\/wp-json\/wp\/v2\/pages\/52629\" class=\"qtranxs-available-language-link qtranxs-available-language-link-es\" title=\"Espa\u00f1ol\">European Spanish<\/a>.<\/p>","protected":false},"excerpt":{"rendered":"<p>Sorry, this entry is only available in European Spanish.<\/p>\n","protected":false},"author":3,"featured_media":52630,"parent":52615,"menu_order":0,"comment_status":"closed","ping_status":"closed","template":"entrada-prensa.php","meta":[],"_links":{"self":[{"href":"https:\/\/www.cne.cl\/en\/wp-json\/wp\/v2\/pages\/52629"}],"collection":[{"href":"https:\/\/www.cne.cl\/en\/wp-json\/wp\/v2\/pages"}],"about":[{"href":"https:\/\/www.cne.cl\/en\/wp-json\/wp\/v2\/types\/page"}],"author":[{"embeddable":true,"href":"https:\/\/www.cne.cl\/en\/wp-json\/wp\/v2\/users\/3"}],"replies":[{"embeddable":true,"href":"https:\/\/www.cne.cl\/en\/wp-json\/wp\/v2\/comments?post=52629"}],"version-history":[{"count":3,"href":"https:\/\/www.cne.cl\/en\/wp-json\/wp\/v2\/pages\/52629\/revisions"}],"predecessor-version":[{"id":53032,"href":"https:\/\/www.cne.cl\/en\/wp-json\/wp\/v2\/pages\/52629\/revisions\/53032"}],"up":[{"embeddable":true,"href":"https:\/\/www.cne.cl\/en\/wp-json\/wp\/v2\/pages\/52615"}],"wp:featuredmedia":[{"embeddable":true,"href":"https:\/\/www.cne.cl\/en\/wp-json\/wp\/v2\/media\/52630"}],"wp:attachment":[{"href":"https:\/\/www.cne.cl\/en\/wp-json\/wp\/v2\/media?parent=52629"}],"curies":[{"name":"wp","href":"https:\/\/api.w.org\/{rel}","templated":true}]}}