

{"id":52397,"date":"2024-07-10T11:24:16","date_gmt":"2024-07-10T15:24:16","guid":{"rendered":"https:\/\/www.cne.cl\/prensa\/prensa-2024\/7-julio-2024\/segunda-sesion-del-cosoc-de-la-cne-dio-a-conocer-la-nueva-estructura-que-tendra-el-departamento-electrico\/"},"modified":"2024-09-24T16:26:11","modified_gmt":"2024-09-24T19:26:11","slug":"segunda-sesion-del-cosoc-de-la-cne-dio-a-conocer-la-nueva-estructura-que-tendra-el-departamento-electrico","status":"publish","type":"page","link":"https:\/\/www.cne.cl\/en\/prensa\/prensa-2024\/7-julio-2024\/segunda-sesion-del-cosoc-de-la-cne-dio-a-conocer-la-nueva-estructura-que-tendra-el-departamento-electrico\/","title":{"rendered":"Segunda sesi\u00f3n del COSOC de la CNE dio a conocer la nueva estructura que tendr\u00e1 el Departamento El\u00e9ctrico"},"content":{"rendered":"<p class=\"qtranxs-available-languages-message qtranxs-available-languages-message-en\">Sorry, this entry is only available in <a href=\"https:\/\/www.cne.cl\/es\/wp-json\/wp\/v2\/pages\/52397\" class=\"qtranxs-available-language-link qtranxs-available-language-link-es\" title=\"Espa\u00f1ol\">European Spanish<\/a>.<\/p>","protected":false},"excerpt":{"rendered":"<p>Sorry, this entry is only available in European Spanish.<\/p>\n","protected":false},"author":3,"featured_media":0,"parent":52314,"menu_order":3,"comment_status":"closed","ping_status":"closed","template":"entrada-prensa.php","meta":[],"_links":{"self":[{"href":"https:\/\/www.cne.cl\/en\/wp-json\/wp\/v2\/pages\/52397"}],"collection":[{"href":"https:\/\/www.cne.cl\/en\/wp-json\/wp\/v2\/pages"}],"about":[{"href":"https:\/\/www.cne.cl\/en\/wp-json\/wp\/v2\/types\/page"}],"author":[{"embeddable":true,"href":"https:\/\/www.cne.cl\/en\/wp-json\/wp\/v2\/users\/3"}],"replies":[{"embeddable":true,"href":"https:\/\/www.cne.cl\/en\/wp-json\/wp\/v2\/comments?post=52397"}],"version-history":[{"count":3,"href":"https:\/\/www.cne.cl\/en\/wp-json\/wp\/v2\/pages\/52397\/revisions"}],"predecessor-version":[{"id":52869,"href":"https:\/\/www.cne.cl\/en\/wp-json\/wp\/v2\/pages\/52397\/revisions\/52869"}],"up":[{"embeddable":true,"href":"https:\/\/www.cne.cl\/en\/wp-json\/wp\/v2\/pages\/52314"}],"wp:attachment":[{"href":"https:\/\/www.cne.cl\/en\/wp-json\/wp\/v2\/media?parent=52397"}],"curies":[{"name":"wp","href":"https:\/\/api.w.org\/{rel}","templated":true}]}}