

{"id":52349,"date":"2024-07-05T15:38:52","date_gmt":"2024-07-05T19:38:52","guid":{"rendered":"https:\/\/www.cne.cl\/prensa\/prensa-2024\/7-julio-2024\/cne-inicio-consulta-publica-del-borrador-del-anexo-tecnico-de-requisitos-sismicos-para-instalaciones-electricas-de-alta-tension\/"},"modified":"2024-09-24T16:28:15","modified_gmt":"2024-09-24T19:28:15","slug":"cne-inicio-consulta-publica-del-borrador-del-anexo-tecnico-de-requisitos-sismicos-para-instalaciones-electricas-de-alta-tension","status":"publish","type":"page","link":"https:\/\/www.cne.cl\/en\/prensa\/prensa-2024\/7-julio-2024\/cne-inicio-consulta-publica-del-borrador-del-anexo-tecnico-de-requisitos-sismicos-para-instalaciones-electricas-de-alta-tension\/","title":{"rendered":"CNE inici\u00f3 Consulta P\u00fablica del borrador del Anexo T\u00e9cnico de Requisitos S\u00edsmicos para Instalaciones El\u00e9ctricas de Alta Tensi\u00f3n"},"content":{"rendered":"<p class=\"qtranxs-available-languages-message qtranxs-available-languages-message-en\">Sorry, this entry is only available in <a href=\"https:\/\/www.cne.cl\/es\/wp-json\/wp\/v2\/pages\/52349\" class=\"qtranxs-available-language-link qtranxs-available-language-link-es\" title=\"Espa\u00f1ol\">European Spanish<\/a>.<\/p>","protected":false},"excerpt":{"rendered":"<p>Sorry, this entry is only available in European Spanish.<\/p>\n","protected":false},"author":3,"featured_media":0,"parent":52314,"menu_order":1,"comment_status":"closed","ping_status":"closed","template":"entrada-prensa.php","meta":[],"_links":{"self":[{"href":"https:\/\/www.cne.cl\/en\/wp-json\/wp\/v2\/pages\/52349"}],"collection":[{"href":"https:\/\/www.cne.cl\/en\/wp-json\/wp\/v2\/pages"}],"about":[{"href":"https:\/\/www.cne.cl\/en\/wp-json\/wp\/v2\/types\/page"}],"author":[{"embeddable":true,"href":"https:\/\/www.cne.cl\/en\/wp-json\/wp\/v2\/users\/3"}],"replies":[{"embeddable":true,"href":"https:\/\/www.cne.cl\/en\/wp-json\/wp\/v2\/comments?post=52349"}],"version-history":[{"count":5,"href":"https:\/\/www.cne.cl\/en\/wp-json\/wp\/v2\/pages\/52349\/revisions"}],"predecessor-version":[{"id":52871,"href":"https:\/\/www.cne.cl\/en\/wp-json\/wp\/v2\/pages\/52349\/revisions\/52871"}],"up":[{"embeddable":true,"href":"https:\/\/www.cne.cl\/en\/wp-json\/wp\/v2\/pages\/52314"}],"wp:attachment":[{"href":"https:\/\/www.cne.cl\/en\/wp-json\/wp\/v2\/media?parent=52349"}],"curies":[{"name":"wp","href":"https:\/\/api.w.org\/{rel}","templated":true}]}}