

{"id":52345,"date":"2024-07-05T15:36:35","date_gmt":"2024-07-05T19:36:35","guid":{"rendered":"https:\/\/www.cne.cl\/prensa\/prensa-2024\/7-julio-2024\/cne-activo-dos-comites-consultivos-de-relevantes-normas-tecnicas-para-la-industria-electrica\/"},"modified":"2024-11-07T12:04:19","modified_gmt":"2024-11-07T15:04:19","slug":"cne-activo-dos-comites-consultivos-de-relevantes-normas-tecnicas-para-la-industria-electrica","status":"publish","type":"page","link":"https:\/\/www.cne.cl\/en\/prensa\/prensa-2024\/7-julio-2024\/cne-activo-dos-comites-consultivos-de-relevantes-normas-tecnicas-para-la-industria-electrica\/","title":{"rendered":"CNE activ\u00f3 dos Comit\u00e9s Consultivos de relevantes Normas T\u00e9cnicas para la industria el\u00e9ctrica"},"content":{"rendered":"<p class=\"qtranxs-available-languages-message qtranxs-available-languages-message-en\">Sorry, this entry is only available in <a href=\"https:\/\/www.cne.cl\/es\/wp-json\/wp\/v2\/pages\/52345\" class=\"qtranxs-available-language-link qtranxs-available-language-link-es\" title=\"Espa\u00f1ol\">European Spanish<\/a>.<\/p>","protected":false},"excerpt":{"rendered":"<p>Sorry, this entry is only available in European Spanish.<\/p>\n","protected":false},"author":3,"featured_media":0,"parent":52314,"menu_order":0,"comment_status":"closed","ping_status":"closed","template":"entrada-prensa.php","meta":[],"_links":{"self":[{"href":"https:\/\/www.cne.cl\/en\/wp-json\/wp\/v2\/pages\/52345"}],"collection":[{"href":"https:\/\/www.cne.cl\/en\/wp-json\/wp\/v2\/pages"}],"about":[{"href":"https:\/\/www.cne.cl\/en\/wp-json\/wp\/v2\/types\/page"}],"author":[{"embeddable":true,"href":"https:\/\/www.cne.cl\/en\/wp-json\/wp\/v2\/users\/3"}],"replies":[{"embeddable":true,"href":"https:\/\/www.cne.cl\/en\/wp-json\/wp\/v2\/comments?post=52345"}],"version-history":[{"count":3,"href":"https:\/\/www.cne.cl\/en\/wp-json\/wp\/v2\/pages\/52345\/revisions"}],"predecessor-version":[{"id":53268,"href":"https:\/\/www.cne.cl\/en\/wp-json\/wp\/v2\/pages\/52345\/revisions\/53268"}],"up":[{"embeddable":true,"href":"https:\/\/www.cne.cl\/en\/wp-json\/wp\/v2\/pages\/52314"}],"wp:attachment":[{"href":"https:\/\/www.cne.cl\/en\/wp-json\/wp\/v2\/media?parent=52345"}],"curies":[{"name":"wp","href":"https:\/\/api.w.org\/{rel}","templated":true}]}}