

{"id":52168,"date":"2024-06-18T14:03:19","date_gmt":"2024-06-18T18:03:19","guid":{"rendered":"https:\/\/www.cne.cl\/?page_id=52168"},"modified":"2024-10-11T09:56:25","modified_gmt":"2024-10-11T12:56:25","slug":"cne-da-a-conocer-dos-estudios-sobre-la-modernizacion-del-mercado-electrico","status":"publish","type":"page","link":"https:\/\/www.cne.cl\/en\/prensa\/prensa-2024\/06-junio\/cne-da-a-conocer-dos-estudios-sobre-la-modernizacion-del-mercado-electrico\/","title":{"rendered":"(Espa\u00f1ol) CNE da a conocer dos estudios sobre la modernizaci\u00f3n del mercado el\u00e9ctrico"},"content":{"rendered":"<p class=\"qtranxs-available-languages-message qtranxs-available-languages-message-en\">Sorry, this entry is only available in <a href=\"https:\/\/www.cne.cl\/es\/wp-json\/wp\/v2\/pages\/52168\" class=\"qtranxs-available-language-link qtranxs-available-language-link-es\" title=\"Espa\u00f1ol\">European Spanish<\/a>.<\/p>","protected":false},"excerpt":{"rendered":"<p>Sorry, this entry is only available in European Spanish.<\/p>\n","protected":false},"author":3,"featured_media":0,"parent":52028,"menu_order":0,"comment_status":"closed","ping_status":"closed","template":"entrada-prensa.php","meta":[],"_links":{"self":[{"href":"https:\/\/www.cne.cl\/en\/wp-json\/wp\/v2\/pages\/52168"}],"collection":[{"href":"https:\/\/www.cne.cl\/en\/wp-json\/wp\/v2\/pages"}],"about":[{"href":"https:\/\/www.cne.cl\/en\/wp-json\/wp\/v2\/types\/page"}],"author":[{"embeddable":true,"href":"https:\/\/www.cne.cl\/en\/wp-json\/wp\/v2\/users\/3"}],"replies":[{"embeddable":true,"href":"https:\/\/www.cne.cl\/en\/wp-json\/wp\/v2\/comments?post=52168"}],"version-history":[{"count":5,"href":"https:\/\/www.cne.cl\/en\/wp-json\/wp\/v2\/pages\/52168\/revisions"}],"predecessor-version":[{"id":53024,"href":"https:\/\/www.cne.cl\/en\/wp-json\/wp\/v2\/pages\/52168\/revisions\/53024"}],"up":[{"embeddable":true,"href":"https:\/\/www.cne.cl\/en\/wp-json\/wp\/v2\/pages\/52028"}],"wp:attachment":[{"href":"https:\/\/www.cne.cl\/en\/wp-json\/wp\/v2\/media?parent=52168"}],"curies":[{"name":"wp","href":"https:\/\/api.w.org\/{rel}","templated":true}]}}