

{"id":52144,"date":"2024-06-14T11:42:02","date_gmt":"2024-06-14T15:42:02","guid":{"rendered":"https:\/\/www.cne.cl\/?page_id=52144"},"modified":"2024-10-11T09:55:34","modified_gmt":"2024-10-11T12:55:34","slug":"cne-inicio-consulta-publica-del-anexo-tecnico-de-requisitos-sismicos-para-instalaciones-electricas-de-alta-tension","status":"publish","type":"page","link":"https:\/\/www.cne.cl\/en\/prensa\/prensa-2024\/06-junio\/cne-inicio-consulta-publica-del-anexo-tecnico-de-requisitos-sismicos-para-instalaciones-electricas-de-alta-tension\/","title":{"rendered":"(Espa\u00f1ol) CNE inici\u00f3 Consulta P\u00fablica del Anexo T\u00e9cnico de Requisitos S\u00edsmicos para Instalaciones El\u00e9ctricas de Alta Tensi\u00f3n"},"content":{"rendered":"<p class=\"qtranxs-available-languages-message qtranxs-available-languages-message-en\">Sorry, this entry is only available in <a href=\"https:\/\/www.cne.cl\/es\/wp-json\/wp\/v2\/pages\/52144\" class=\"qtranxs-available-language-link qtranxs-available-language-link-es\" title=\"Espa\u00f1ol\">European Spanish<\/a>.<\/p>","protected":false},"excerpt":{"rendered":"<p>Sorry, this entry is only available in European Spanish.<\/p>\n","protected":false},"author":3,"featured_media":0,"parent":52028,"menu_order":0,"comment_status":"closed","ping_status":"closed","template":"entrada-prensa.php","meta":[],"_links":{"self":[{"href":"https:\/\/www.cne.cl\/en\/wp-json\/wp\/v2\/pages\/52144"}],"collection":[{"href":"https:\/\/www.cne.cl\/en\/wp-json\/wp\/v2\/pages"}],"about":[{"href":"https:\/\/www.cne.cl\/en\/wp-json\/wp\/v2\/types\/page"}],"author":[{"embeddable":true,"href":"https:\/\/www.cne.cl\/en\/wp-json\/wp\/v2\/users\/3"}],"replies":[{"embeddable":true,"href":"https:\/\/www.cne.cl\/en\/wp-json\/wp\/v2\/comments?post=52144"}],"version-history":[{"count":4,"href":"https:\/\/www.cne.cl\/en\/wp-json\/wp\/v2\/pages\/52144\/revisions"}],"predecessor-version":[{"id":53022,"href":"https:\/\/www.cne.cl\/en\/wp-json\/wp\/v2\/pages\/52144\/revisions\/53022"}],"up":[{"embeddable":true,"href":"https:\/\/www.cne.cl\/en\/wp-json\/wp\/v2\/pages\/52028"}],"wp:attachment":[{"href":"https:\/\/www.cne.cl\/en\/wp-json\/wp\/v2\/media?parent=52144"}],"curies":[{"name":"wp","href":"https:\/\/api.w.org\/{rel}","templated":true}]}}