

{"id":51783,"date":"2024-05-07T14:28:43","date_gmt":"2024-05-07T18:28:43","guid":{"rendered":"https:\/\/www.cne.cl\/?page_id=51783"},"modified":"2024-07-24T10:42:07","modified_gmt":"2024-07-24T14:42:07","slug":"cne-fija-nueva-norma-tecnica-de-calidad-de-servicio-para-sistemas-de-distribucion","status":"publish","type":"page","link":"https:\/\/www.cne.cl\/en\/prensa\/prensa-2024\/5-mayo-de-2024\/cne-fija-nueva-norma-tecnica-de-calidad-de-servicio-para-sistemas-de-distribucion\/","title":{"rendered":"(Espa\u00f1ol) CNE fija nueva Norma T\u00e9cnica de Calidad de Servicio para Sistemas de Distribuci\u00f3n"},"content":{"rendered":"<p class=\"qtranxs-available-languages-message qtranxs-available-languages-message-en\">Sorry, this entry is only available in <a href=\"https:\/\/www.cne.cl\/es\/wp-json\/wp\/v2\/pages\/51783\" class=\"qtranxs-available-language-link qtranxs-available-language-link-es\" title=\"Espa\u00f1ol\">European Spanish<\/a>.<\/p>","protected":false},"excerpt":{"rendered":"<p>Sorry, this entry is only available in European Spanish.<\/p>\n","protected":false},"author":3,"featured_media":0,"parent":51638,"menu_order":0,"comment_status":"closed","ping_status":"closed","template":"entrada-prensa.php","meta":[],"_links":{"self":[{"href":"https:\/\/www.cne.cl\/en\/wp-json\/wp\/v2\/pages\/51783"}],"collection":[{"href":"https:\/\/www.cne.cl\/en\/wp-json\/wp\/v2\/pages"}],"about":[{"href":"https:\/\/www.cne.cl\/en\/wp-json\/wp\/v2\/types\/page"}],"author":[{"embeddable":true,"href":"https:\/\/www.cne.cl\/en\/wp-json\/wp\/v2\/users\/3"}],"replies":[{"embeddable":true,"href":"https:\/\/www.cne.cl\/en\/wp-json\/wp\/v2\/comments?post=51783"}],"version-history":[{"count":4,"href":"https:\/\/www.cne.cl\/en\/wp-json\/wp\/v2\/pages\/51783\/revisions"}],"predecessor-version":[{"id":52477,"href":"https:\/\/www.cne.cl\/en\/wp-json\/wp\/v2\/pages\/51783\/revisions\/52477"}],"up":[{"embeddable":true,"href":"https:\/\/www.cne.cl\/en\/wp-json\/wp\/v2\/pages\/51638"}],"wp:attachment":[{"href":"https:\/\/www.cne.cl\/en\/wp-json\/wp\/v2\/media?parent=51783"}],"curies":[{"name":"wp","href":"https:\/\/api.w.org\/{rel}","templated":true}]}}