

{"id":51745,"date":"2024-05-14T16:17:11","date_gmt":"2024-05-14T20:17:11","guid":{"rendered":"https:\/\/www.cne.cl\/?page_id=51745"},"modified":"2024-09-02T14:26:00","modified_gmt":"2024-09-02T18:26:00","slug":"expansion-de-la-transmision-2023-informe-tecnico-final-de-la-cne-considera-48-obras-por-un-total-estimado-de-us441-millones","status":"publish","type":"page","link":"https:\/\/www.cne.cl\/en\/prensa\/prensa-2024\/5-mayo-de-2024\/expansion-de-la-transmision-2023-informe-tecnico-final-de-la-cne-considera-48-obras-por-un-total-estimado-de-us441-millones\/","title":{"rendered":"(Espa\u00f1ol) Expansi\u00f3n de la Transmisi\u00f3n 2023: Informe T\u00e9cnico Final de la CNE considera 48 obras por un total estimado de US$441 millones"},"content":{"rendered":"<p class=\"qtranxs-available-languages-message qtranxs-available-languages-message-en\">Sorry, this entry is only available in <a href=\"https:\/\/www.cne.cl\/es\/wp-json\/wp\/v2\/pages\/51745\" class=\"qtranxs-available-language-link qtranxs-available-language-link-es\" title=\"Espa\u00f1ol\">European Spanish<\/a>.<\/p>","protected":false},"excerpt":{"rendered":"<p>Sorry, this entry is only available in European Spanish.<\/p>\n","protected":false},"author":3,"featured_media":0,"parent":51638,"menu_order":0,"comment_status":"closed","ping_status":"closed","template":"entrada-prensa.php","meta":[],"_links":{"self":[{"href":"https:\/\/www.cne.cl\/en\/wp-json\/wp\/v2\/pages\/51745"}],"collection":[{"href":"https:\/\/www.cne.cl\/en\/wp-json\/wp\/v2\/pages"}],"about":[{"href":"https:\/\/www.cne.cl\/en\/wp-json\/wp\/v2\/types\/page"}],"author":[{"embeddable":true,"href":"https:\/\/www.cne.cl\/en\/wp-json\/wp\/v2\/users\/3"}],"replies":[{"embeddable":true,"href":"https:\/\/www.cne.cl\/en\/wp-json\/wp\/v2\/comments?post=51745"}],"version-history":[{"count":3,"href":"https:\/\/www.cne.cl\/en\/wp-json\/wp\/v2\/pages\/51745\/revisions"}],"predecessor-version":[{"id":52759,"href":"https:\/\/www.cne.cl\/en\/wp-json\/wp\/v2\/pages\/51745\/revisions\/52759"}],"up":[{"embeddable":true,"href":"https:\/\/www.cne.cl\/en\/wp-json\/wp\/v2\/pages\/51638"}],"wp:attachment":[{"href":"https:\/\/www.cne.cl\/en\/wp-json\/wp\/v2\/media?parent=51745"}],"curies":[{"name":"wp","href":"https:\/\/api.w.org\/{rel}","templated":true}]}}