

{"id":51680,"date":"2024-05-09T15:54:38","date_gmt":"2024-05-09T19:54:38","guid":{"rendered":"https:\/\/www.cne.cl\/?page_id=51680"},"modified":"2024-09-02T14:25:37","modified_gmt":"2024-09-02T18:25:37","slug":"cne-da-a-conocer-estudio-de-percepcion-en-torno-al-proceso-de-licitacion-de-suministro-a-clientes-regulados","status":"publish","type":"page","link":"https:\/\/www.cne.cl\/en\/prensa\/prensa-2024\/5-mayo-de-2024\/cne-da-a-conocer-estudio-de-percepcion-en-torno-al-proceso-de-licitacion-de-suministro-a-clientes-regulados\/","title":{"rendered":"(Espa\u00f1ol) CNE da a conocer estudio de percepci\u00f3n en torno al proceso de licitaci\u00f3n de suministro a clientes regulados"},"content":{"rendered":"<p class=\"qtranxs-available-languages-message qtranxs-available-languages-message-en\">Sorry, this entry is only available in <a href=\"https:\/\/www.cne.cl\/es\/wp-json\/wp\/v2\/pages\/51680\" class=\"qtranxs-available-language-link qtranxs-available-language-link-es\" title=\"Espa\u00f1ol\">European Spanish<\/a>.<\/p>","protected":false},"excerpt":{"rendered":"<p>Sorry, this entry is only available in European Spanish.<\/p>\n","protected":false},"author":3,"featured_media":51691,"parent":51638,"menu_order":0,"comment_status":"closed","ping_status":"closed","template":"entrada-prensa.php","meta":[],"_links":{"self":[{"href":"https:\/\/www.cne.cl\/en\/wp-json\/wp\/v2\/pages\/51680"}],"collection":[{"href":"https:\/\/www.cne.cl\/en\/wp-json\/wp\/v2\/pages"}],"about":[{"href":"https:\/\/www.cne.cl\/en\/wp-json\/wp\/v2\/types\/page"}],"author":[{"embeddable":true,"href":"https:\/\/www.cne.cl\/en\/wp-json\/wp\/v2\/users\/3"}],"replies":[{"embeddable":true,"href":"https:\/\/www.cne.cl\/en\/wp-json\/wp\/v2\/comments?post=51680"}],"version-history":[{"count":5,"href":"https:\/\/www.cne.cl\/en\/wp-json\/wp\/v2\/pages\/51680\/revisions"}],"predecessor-version":[{"id":52758,"href":"https:\/\/www.cne.cl\/en\/wp-json\/wp\/v2\/pages\/51680\/revisions\/52758"}],"up":[{"embeddable":true,"href":"https:\/\/www.cne.cl\/en\/wp-json\/wp\/v2\/pages\/51638"}],"wp:featuredmedia":[{"embeddable":true,"href":"https:\/\/www.cne.cl\/en\/wp-json\/wp\/v2\/media\/51691"}],"wp:attachment":[{"href":"https:\/\/www.cne.cl\/en\/wp-json\/wp\/v2\/media?parent=51680"}],"curies":[{"name":"wp","href":"https:\/\/api.w.org\/{rel}","templated":true}]}}