

{"id":51674,"date":"2024-05-09T11:27:26","date_gmt":"2024-05-09T15:27:26","guid":{"rendered":"https:\/\/www.cne.cl\/?page_id=51674"},"modified":"2024-09-02T14:25:06","modified_gmt":"2024-09-02T18:25:06","slug":"licitacion-de-suministro-electrico-a-clientes-regulados-alcanzo-precio-de-56679us-mwh","status":"publish","type":"page","link":"https:\/\/www.cne.cl\/en\/prensa\/prensa-2024\/5-mayo-de-2024\/licitacion-de-suministro-electrico-a-clientes-regulados-alcanzo-precio-de-56679us-mwh\/","title":{"rendered":"(Espa\u00f1ol) Licitaci\u00f3n de suministro el\u00e9ctrico a clientes regulados alcanz\u00f3 precio de 56,679US$\/MWh"},"content":{"rendered":"<p class=\"qtranxs-available-languages-message qtranxs-available-languages-message-en\">Sorry, this entry is only available in <a href=\"https:\/\/www.cne.cl\/es\/wp-json\/wp\/v2\/pages\/51674\" class=\"qtranxs-available-language-link qtranxs-available-language-link-es\" title=\"Espa\u00f1ol\">European Spanish<\/a>.<\/p>","protected":false},"excerpt":{"rendered":"<p>Sorry, this entry is only available in European Spanish.<\/p>\n","protected":false},"author":3,"featured_media":51675,"parent":51638,"menu_order":0,"comment_status":"closed","ping_status":"closed","template":"entrada-prensa.php","meta":[],"_links":{"self":[{"href":"https:\/\/www.cne.cl\/en\/wp-json\/wp\/v2\/pages\/51674"}],"collection":[{"href":"https:\/\/www.cne.cl\/en\/wp-json\/wp\/v2\/pages"}],"about":[{"href":"https:\/\/www.cne.cl\/en\/wp-json\/wp\/v2\/types\/page"}],"author":[{"embeddable":true,"href":"https:\/\/www.cne.cl\/en\/wp-json\/wp\/v2\/users\/3"}],"replies":[{"embeddable":true,"href":"https:\/\/www.cne.cl\/en\/wp-json\/wp\/v2\/comments?post=51674"}],"version-history":[{"count":3,"href":"https:\/\/www.cne.cl\/en\/wp-json\/wp\/v2\/pages\/51674\/revisions"}],"predecessor-version":[{"id":52757,"href":"https:\/\/www.cne.cl\/en\/wp-json\/wp\/v2\/pages\/51674\/revisions\/52757"}],"up":[{"embeddable":true,"href":"https:\/\/www.cne.cl\/en\/wp-json\/wp\/v2\/pages\/51638"}],"wp:featuredmedia":[{"embeddable":true,"href":"https:\/\/www.cne.cl\/en\/wp-json\/wp\/v2\/media\/51675"}],"wp:attachment":[{"href":"https:\/\/www.cne.cl\/en\/wp-json\/wp\/v2\/media?parent=51674"}],"curies":[{"name":"wp","href":"https:\/\/api.w.org\/{rel}","templated":true}]}}