

{"id":51530,"date":"2024-04-12T15:45:07","date_gmt":"2024-04-12T19:45:07","guid":{"rendered":"https:\/\/www.cne.cl\/prensa\/prensa-2024\/4-abril\/cne-emitio-informe-tecnico-final-de-calificacion-de-instalaciones-de-los-sistemas-de-transmision-2024-2027\/"},"modified":"2024-07-24T10:24:53","modified_gmt":"2024-07-24T14:24:53","slug":"cne-emitio-informe-tecnico-final-de-calificacion-de-instalaciones-de-los-sistemas-de-transmision-2024-2027","status":"publish","type":"page","link":"https:\/\/www.cne.cl\/en\/prensa\/prensa-2024\/4-abril\/cne-emitio-informe-tecnico-final-de-calificacion-de-instalaciones-de-los-sistemas-de-transmision-2024-2027\/","title":{"rendered":"CNE emiti\u00f3 Informe T\u00e9cnico Final de Calificaci\u00f3n de Instalaciones de los Sistemas de Transmisi\u00f3n 2024-2027"},"content":{"rendered":"<p class=\"qtranxs-available-languages-message qtranxs-available-languages-message-en\">Sorry, this entry is only available in <a href=\"https:\/\/www.cne.cl\/es\/wp-json\/wp\/v2\/pages\/51530\" class=\"qtranxs-available-language-link qtranxs-available-language-link-es\" title=\"Espa\u00f1ol\">European Spanish<\/a>.<\/p>","protected":false},"excerpt":{"rendered":"<p>Sorry, this entry is only available in European Spanish.<\/p>\n","protected":false},"author":3,"featured_media":0,"parent":51444,"menu_order":3,"comment_status":"closed","ping_status":"closed","template":"entrada-prensa.php","meta":[],"_links":{"self":[{"href":"https:\/\/www.cne.cl\/en\/wp-json\/wp\/v2\/pages\/51530"}],"collection":[{"href":"https:\/\/www.cne.cl\/en\/wp-json\/wp\/v2\/pages"}],"about":[{"href":"https:\/\/www.cne.cl\/en\/wp-json\/wp\/v2\/types\/page"}],"author":[{"embeddable":true,"href":"https:\/\/www.cne.cl\/en\/wp-json\/wp\/v2\/users\/3"}],"replies":[{"embeddable":true,"href":"https:\/\/www.cne.cl\/en\/wp-json\/wp\/v2\/comments?post=51530"}],"version-history":[{"count":4,"href":"https:\/\/www.cne.cl\/en\/wp-json\/wp\/v2\/pages\/51530\/revisions"}],"predecessor-version":[{"id":52474,"href":"https:\/\/www.cne.cl\/en\/wp-json\/wp\/v2\/pages\/51530\/revisions\/52474"}],"up":[{"embeddable":true,"href":"https:\/\/www.cne.cl\/en\/wp-json\/wp\/v2\/pages\/51444"}],"wp:attachment":[{"href":"https:\/\/www.cne.cl\/en\/wp-json\/wp\/v2\/media?parent=51530"}],"curies":[{"name":"wp","href":"https:\/\/api.w.org\/{rel}","templated":true}]}}