

{"id":51506,"date":"2024-04-10T16:51:53","date_gmt":"2024-04-10T20:51:53","guid":{"rendered":"https:\/\/www.cne.cl\/prensa\/prensa-2024\/4-abril\/comision-nacional-de-energia-lanza-nuevo-reporte-energia-abierta-ciudadana\/"},"modified":"2024-07-24T10:22:00","modified_gmt":"2024-07-24T14:22:00","slug":"comision-nacional-de-energia-lanza-nuevo-reporte-energia-abierta-ciudadana","status":"publish","type":"page","link":"https:\/\/www.cne.cl\/en\/prensa\/prensa-2024\/4-abril\/comision-nacional-de-energia-lanza-nuevo-reporte-energia-abierta-ciudadana\/","title":{"rendered":"Comisi\u00f3n Nacional de Energ\u00eda lanza nuevo Reporte Energ\u00eda Abierta Ciudadana"},"content":{"rendered":"<p class=\"qtranxs-available-languages-message qtranxs-available-languages-message-en\">Sorry, this entry is only available in <a href=\"https:\/\/www.cne.cl\/es\/wp-json\/wp\/v2\/pages\/51506\" class=\"qtranxs-available-language-link qtranxs-available-language-link-es\" title=\"Espa\u00f1ol\">European Spanish<\/a>.<\/p>","protected":false},"excerpt":{"rendered":"<p>Sorry, this entry is only available in European Spanish.<\/p>\n","protected":false},"author":3,"featured_media":0,"parent":51444,"menu_order":2,"comment_status":"closed","ping_status":"closed","template":"entrada-prensa.php","meta":[],"_links":{"self":[{"href":"https:\/\/www.cne.cl\/en\/wp-json\/wp\/v2\/pages\/51506"}],"collection":[{"href":"https:\/\/www.cne.cl\/en\/wp-json\/wp\/v2\/pages"}],"about":[{"href":"https:\/\/www.cne.cl\/en\/wp-json\/wp\/v2\/types\/page"}],"author":[{"embeddable":true,"href":"https:\/\/www.cne.cl\/en\/wp-json\/wp\/v2\/users\/3"}],"replies":[{"embeddable":true,"href":"https:\/\/www.cne.cl\/en\/wp-json\/wp\/v2\/comments?post=51506"}],"version-history":[{"count":3,"href":"https:\/\/www.cne.cl\/en\/wp-json\/wp\/v2\/pages\/51506\/revisions"}],"predecessor-version":[{"id":52473,"href":"https:\/\/www.cne.cl\/en\/wp-json\/wp\/v2\/pages\/51506\/revisions\/52473"}],"up":[{"embeddable":true,"href":"https:\/\/www.cne.cl\/en\/wp-json\/wp\/v2\/pages\/51444"}],"wp:attachment":[{"href":"https:\/\/www.cne.cl\/en\/wp-json\/wp\/v2\/media?parent=51506"}],"curies":[{"name":"wp","href":"https:\/\/api.w.org\/{rel}","templated":true}]}}