

{"id":51471,"date":"2024-04-04T10:39:11","date_gmt":"2024-04-04T13:39:11","guid":{"rendered":"https:\/\/www.cne.cl\/?page_id=51471"},"modified":"2024-06-05T09:55:22","modified_gmt":"2024-06-05T13:55:22","slug":"cne-inicia-procedimiento-normativo-de-modificacion-de-la-norma-tecnica-de-conexion-y-operacion-de-pmgd-en-instalaciones-de-media-tension","status":"publish","type":"page","link":"https:\/\/www.cne.cl\/en\/prensa\/prensa-2024\/3-marzo-2024\/cne-inicia-procedimiento-normativo-de-modificacion-de-la-norma-tecnica-de-conexion-y-operacion-de-pmgd-en-instalaciones-de-media-tension\/","title":{"rendered":"(Espa\u00f1ol) CNE inicia Procedimiento Normativo de modificaci\u00f3n de la Norma T\u00e9cnica de Conexi\u00f3n y Operaci\u00f3n de PMGD en instalaciones de Media Tensi\u00f3n"},"content":{"rendered":"<p class=\"qtranxs-available-languages-message qtranxs-available-languages-message-en\">Sorry, this entry is only available in <a href=\"https:\/\/www.cne.cl\/es\/wp-json\/wp\/v2\/pages\/51471\" class=\"qtranxs-available-language-link qtranxs-available-language-link-es\" title=\"Espa\u00f1ol\">European Spanish<\/a>.<\/p>","protected":false},"excerpt":{"rendered":"<p>Sorry, this entry is only available in European Spanish.<\/p>\n","protected":false},"author":3,"featured_media":0,"parent":51235,"menu_order":0,"comment_status":"closed","ping_status":"closed","template":"entrada-prensa.php","meta":[],"_links":{"self":[{"href":"https:\/\/www.cne.cl\/en\/wp-json\/wp\/v2\/pages\/51471"}],"collection":[{"href":"https:\/\/www.cne.cl\/en\/wp-json\/wp\/v2\/pages"}],"about":[{"href":"https:\/\/www.cne.cl\/en\/wp-json\/wp\/v2\/types\/page"}],"author":[{"embeddable":true,"href":"https:\/\/www.cne.cl\/en\/wp-json\/wp\/v2\/users\/3"}],"replies":[{"embeddable":true,"href":"https:\/\/www.cne.cl\/en\/wp-json\/wp\/v2\/comments?post=51471"}],"version-history":[{"count":3,"href":"https:\/\/www.cne.cl\/en\/wp-json\/wp\/v2\/pages\/51471\/revisions"}],"predecessor-version":[{"id":52050,"href":"https:\/\/www.cne.cl\/en\/wp-json\/wp\/v2\/pages\/51471\/revisions\/52050"}],"up":[{"embeddable":true,"href":"https:\/\/www.cne.cl\/en\/wp-json\/wp\/v2\/pages\/51235"}],"wp:attachment":[{"href":"https:\/\/www.cne.cl\/en\/wp-json\/wp\/v2\/media?parent=51471"}],"curies":[{"name":"wp","href":"https:\/\/api.w.org\/{rel}","templated":true}]}}