

{"id":51359,"date":"2024-03-26T17:05:34","date_gmt":"2024-03-26T20:05:34","guid":{"rendered":"https:\/\/www.cne.cl\/prensa\/prensa-2024\/3-marzo-2024\/cne-emitio-informe-tecnico-definitivo-de-valorizacion-de-instalaciones-de-transmision-interperiodo\/"},"modified":"2024-07-05T15:54:23","modified_gmt":"2024-07-05T19:54:23","slug":"cne-emitio-informe-tecnico-definitivo-de-valorizacion-de-instalaciones-de-transmision-interperiodo","status":"publish","type":"page","link":"https:\/\/www.cne.cl\/en\/prensa\/prensa-2024\/3-marzo-2024\/cne-emitio-informe-tecnico-definitivo-de-valorizacion-de-instalaciones-de-transmision-interperiodo\/","title":{"rendered":"CNE emiti\u00f3 Informe T\u00e9cnico Definitivo de Valorizaci\u00f3n de Instalaciones de Transmisi\u00f3n interperiodo"},"content":{"rendered":"<p class=\"qtranxs-available-languages-message qtranxs-available-languages-message-en\">Sorry, this entry is only available in <a href=\"https:\/\/www.cne.cl\/es\/wp-json\/wp\/v2\/pages\/51359\" class=\"qtranxs-available-language-link qtranxs-available-language-link-es\" title=\"Espa\u00f1ol\">European Spanish<\/a>.<\/p>","protected":false},"excerpt":{"rendered":"<p>Sorry, this entry is only available in European Spanish.<\/p>\n","protected":false},"author":3,"featured_media":0,"parent":51235,"menu_order":4,"comment_status":"closed","ping_status":"closed","template":"entrada-prensa.php","meta":[],"_links":{"self":[{"href":"https:\/\/www.cne.cl\/en\/wp-json\/wp\/v2\/pages\/51359"}],"collection":[{"href":"https:\/\/www.cne.cl\/en\/wp-json\/wp\/v2\/pages"}],"about":[{"href":"https:\/\/www.cne.cl\/en\/wp-json\/wp\/v2\/types\/page"}],"author":[{"embeddable":true,"href":"https:\/\/www.cne.cl\/en\/wp-json\/wp\/v2\/users\/3"}],"replies":[{"embeddable":true,"href":"https:\/\/www.cne.cl\/en\/wp-json\/wp\/v2\/comments?post=51359"}],"version-history":[{"count":3,"href":"https:\/\/www.cne.cl\/en\/wp-json\/wp\/v2\/pages\/51359\/revisions"}],"predecessor-version":[{"id":52358,"href":"https:\/\/www.cne.cl\/en\/wp-json\/wp\/v2\/pages\/51359\/revisions\/52358"}],"up":[{"embeddable":true,"href":"https:\/\/www.cne.cl\/en\/wp-json\/wp\/v2\/pages\/51235"}],"wp:attachment":[{"href":"https:\/\/www.cne.cl\/en\/wp-json\/wp\/v2\/media?parent=51359"}],"curies":[{"name":"wp","href":"https:\/\/api.w.org\/{rel}","templated":true}]}}