

{"id":51351,"date":"2024-03-26T17:03:40","date_gmt":"2024-03-26T20:03:40","guid":{"rendered":"https:\/\/www.cne.cl\/prensa\/prensa-2024\/3-marzo-2024\/cne-aprobo-solicitud-de-exencion-de-plazo-a-engie-energia-chile-para-reconversion-de-central-a-carbon-en-mejillones\/"},"modified":"2024-07-05T15:53:22","modified_gmt":"2024-07-05T19:53:22","slug":"cne-aprobo-solicitud-de-exencion-de-plazo-a-engie-energia-chile-para-reconversion-de-central-a-carbon-en-mejillones","status":"publish","type":"page","link":"https:\/\/www.cne.cl\/en\/prensa\/prensa-2024\/3-marzo-2024\/cne-aprobo-solicitud-de-exencion-de-plazo-a-engie-energia-chile-para-reconversion-de-central-a-carbon-en-mejillones\/","title":{"rendered":"CNE aprob\u00f3 solicitud de exenci\u00f3n de plazo a Engie Energ\u00eda Chile para reconversi\u00f3n de central a carb\u00f3n en Mejillones"},"content":{"rendered":"<p class=\"qtranxs-available-languages-message qtranxs-available-languages-message-en\">Sorry, this entry is only available in <a href=\"https:\/\/www.cne.cl\/es\/wp-json\/wp\/v2\/pages\/51351\" class=\"qtranxs-available-language-link qtranxs-available-language-link-es\" title=\"Espa\u00f1ol\">European Spanish<\/a>.<\/p>","protected":false},"excerpt":{"rendered":"<p>Sorry, this entry is only available in European Spanish.<\/p>\n","protected":false},"author":3,"featured_media":0,"parent":51235,"menu_order":3,"comment_status":"closed","ping_status":"closed","template":"entrada-prensa.php","meta":[],"_links":{"self":[{"href":"https:\/\/www.cne.cl\/en\/wp-json\/wp\/v2\/pages\/51351"}],"collection":[{"href":"https:\/\/www.cne.cl\/en\/wp-json\/wp\/v2\/pages"}],"about":[{"href":"https:\/\/www.cne.cl\/en\/wp-json\/wp\/v2\/types\/page"}],"author":[{"embeddable":true,"href":"https:\/\/www.cne.cl\/en\/wp-json\/wp\/v2\/users\/3"}],"replies":[{"embeddable":true,"href":"https:\/\/www.cne.cl\/en\/wp-json\/wp\/v2\/comments?post=51351"}],"version-history":[{"count":4,"href":"https:\/\/www.cne.cl\/en\/wp-json\/wp\/v2\/pages\/51351\/revisions"}],"predecessor-version":[{"id":52357,"href":"https:\/\/www.cne.cl\/en\/wp-json\/wp\/v2\/pages\/51351\/revisions\/52357"}],"up":[{"embeddable":true,"href":"https:\/\/www.cne.cl\/en\/wp-json\/wp\/v2\/pages\/51235"}],"wp:attachment":[{"href":"https:\/\/www.cne.cl\/en\/wp-json\/wp\/v2\/media?parent=51351"}],"curies":[{"name":"wp","href":"https:\/\/api.w.org\/{rel}","templated":true}]}}