

{"id":51243,"date":"2024-03-05T11:08:12","date_gmt":"2024-03-05T14:08:12","guid":{"rendered":"https:\/\/www.cne.cl\/?page_id=51243"},"modified":"2024-05-16T14:23:11","modified_gmt":"2024-05-16T18:23:11","slug":"cne-emitio-version-preliminar-que-modifica-informe-de-definicion-de-servicios-complementarios","status":"publish","type":"page","link":"https:\/\/www.cne.cl\/en\/prensa\/prensa-2024\/3-marzo-2024\/cne-emitio-version-preliminar-que-modifica-informe-de-definicion-de-servicios-complementarios\/","title":{"rendered":"(Espa\u00f1ol) CNE emiti\u00f3 versi\u00f3n preliminar que modifica Informe de Definici\u00f3n de Servicios Complementarios"},"content":{"rendered":"<p class=\"qtranxs-available-languages-message qtranxs-available-languages-message-en\">Sorry, this entry is only available in <a href=\"https:\/\/www.cne.cl\/es\/wp-json\/wp\/v2\/pages\/51243\" class=\"qtranxs-available-language-link qtranxs-available-language-link-es\" title=\"Espa\u00f1ol\">European Spanish<\/a>.<\/p>","protected":false},"excerpt":{"rendered":"<p>Sorry, this entry is only available in European Spanish.<\/p>\n","protected":false},"author":3,"featured_media":0,"parent":51235,"menu_order":0,"comment_status":"closed","ping_status":"closed","template":"entrada-prensa.php","meta":[],"_links":{"self":[{"href":"https:\/\/www.cne.cl\/en\/wp-json\/wp\/v2\/pages\/51243"}],"collection":[{"href":"https:\/\/www.cne.cl\/en\/wp-json\/wp\/v2\/pages"}],"about":[{"href":"https:\/\/www.cne.cl\/en\/wp-json\/wp\/v2\/types\/page"}],"author":[{"embeddable":true,"href":"https:\/\/www.cne.cl\/en\/wp-json\/wp\/v2\/users\/3"}],"replies":[{"embeddable":true,"href":"https:\/\/www.cne.cl\/en\/wp-json\/wp\/v2\/comments?post=51243"}],"version-history":[{"count":4,"href":"https:\/\/www.cne.cl\/en\/wp-json\/wp\/v2\/pages\/51243\/revisions"}],"predecessor-version":[{"id":51780,"href":"https:\/\/www.cne.cl\/en\/wp-json\/wp\/v2\/pages\/51243\/revisions\/51780"}],"up":[{"embeddable":true,"href":"https:\/\/www.cne.cl\/en\/wp-json\/wp\/v2\/pages\/51235"}],"wp:attachment":[{"href":"https:\/\/www.cne.cl\/en\/wp-json\/wp\/v2\/media?parent=51243"}],"curies":[{"name":"wp","href":"https:\/\/api.w.org\/{rel}","templated":true}]}}